{"id":3312,"date":"2025-06-26T01:11:18","date_gmt":"2025-06-25T23:11:18","guid":{"rendered":"https:\/\/linoexpress.com\/si\/?post_type=product&#038;p=3312"},"modified":"2026-03-10T23:32:51","modified_gmt":"2026-03-10T22:32:51","slug":"prenosna-spa-kad","status":"publish","type":"product","link":"https:\/\/linoexpress.com\/si\/proizvod\/prenosna-spa-kad\/","title":{"rendered":"Prenosna spa kad"},"content":{"rendered":"","protected":false},"excerpt":{"rendered":"<p>Prenosna mini kad je idealna re\u0161itev za sprostitev v vsakem prostoru \u2013 doma, na potovanju ali celo na prostem. Zahvaljujo\u010d zlo\u017eljivemu dizajnu zavzema minimalen prostor in se enostavno prena\u0161a. Izdelana iz varnih, udobnih in termoizolacijskih materialov, nudi popolno spa izku\u0161njo.<\/p>\n","protected":false},"featured_media":3324,"comment_status":"closed","ping_status":"closed","template":"","meta":{"inline_featured_image":false},"product_brand":[],"product_cat":[27,15,43],"product_tag":[],"class_list":{"0":"post-3312","1":"product","2":"type-product","3":"status-publish","4":"has-post-thumbnail","6":"product_cat-home","7":"product_cat-uncategorized","8":"product_cat-fun","10":"first","11":"instock","12":"sale","13":"taxable","14":"shipping-taxable","15":"purchasable","16":"product-type-simple"},"acf":[],"_links":{"self":[{"href":"https:\/\/linoexpress.com\/si\/wp-json\/wp\/v2\/product\/3312","targetHints":{"allow":["GET"]}}],"collection":[{"href":"https:\/\/linoexpress.com\/si\/wp-json\/wp\/v2\/product"}],"about":[{"href":"https:\/\/linoexpress.com\/si\/wp-json\/wp\/v2\/types\/product"}],"replies":[{"embeddable":true,"href":"https:\/\/linoexpress.com\/si\/wp-json\/wp\/v2\/comments?post=3312"}],"wp:featuredmedia":[{"embeddable":true,"href":"https:\/\/linoexpress.com\/si\/wp-json\/wp\/v2\/media\/3324"}],"wp:attachment":[{"href":"https:\/\/linoexpress.com\/si\/wp-json\/wp\/v2\/media?parent=3312"}],"wp:term":[{"taxonomy":"product_brand","embeddable":true,"href":"https:\/\/linoexpress.com\/si\/wp-json\/wp\/v2\/product_brand?post=3312"},{"taxonomy":"product_cat","embeddable":true,"href":"https:\/\/linoexpress.com\/si\/wp-json\/wp\/v2\/product_cat?post=3312"},{"taxonomy":"product_tag","embeddable":true,"href":"https:\/\/linoexpress.com\/si\/wp-json\/wp\/v2\/product_tag?post=3312"}],"curies":[{"name":"wp","href":"https:\/\/api.w.org\/{rel}","templated":true}]}}