{"id":3339,"date":"2025-06-27T15:17:21","date_gmt":"2025-06-27T13:17:21","guid":{"rendered":"https:\/\/linoexpress.com\/si\/?post_type=product&#038;p=3339"},"modified":"2026-03-10T23:32:39","modified_gmt":"2026-03-10T22:32:39","slug":"avtomatska-uv-tenda","status":"publish","type":"product","link":"https:\/\/linoexpress.com\/si\/proizvod\/avtomatska-uv-tenda\/","title":{"rendered":"Avtomatska UV tenda"},"content":{"rendered":"","protected":false},"excerpt":{"rendered":"<p>Za\u0161\u010ditite notranjost svojega avtomobila pred soncem in vro\u010dino z avtomatsko zlo\u017eljivo tendo za vetrobransko steklo. Hitro se namesti in zlo\u017ei z enim gibom, ne kazi videza avtomobila in prihrani energijo.<\/p>\n","protected":false},"featured_media":3350,"comment_status":"closed","ping_status":"closed","template":"","meta":{"inline_featured_image":false},"product_brand":[],"product_cat":[25,24,15],"product_tag":[],"class_list":{"0":"post-3339","1":"product","2":"type-product","3":"status-publish","4":"has-post-thumbnail","6":"product_cat-car","7":"product_cat-sale","8":"product_cat-uncategorized","10":"first","11":"instock","12":"sale","13":"taxable","14":"shipping-taxable","15":"purchasable","16":"product-type-simple"},"acf":[],"_links":{"self":[{"href":"https:\/\/linoexpress.com\/si\/wp-json\/wp\/v2\/product\/3339","targetHints":{"allow":["GET"]}}],"collection":[{"href":"https:\/\/linoexpress.com\/si\/wp-json\/wp\/v2\/product"}],"about":[{"href":"https:\/\/linoexpress.com\/si\/wp-json\/wp\/v2\/types\/product"}],"replies":[{"embeddable":true,"href":"https:\/\/linoexpress.com\/si\/wp-json\/wp\/v2\/comments?post=3339"}],"wp:featuredmedia":[{"embeddable":true,"href":"https:\/\/linoexpress.com\/si\/wp-json\/wp\/v2\/media\/3350"}],"wp:attachment":[{"href":"https:\/\/linoexpress.com\/si\/wp-json\/wp\/v2\/media?parent=3339"}],"wp:term":[{"taxonomy":"product_brand","embeddable":true,"href":"https:\/\/linoexpress.com\/si\/wp-json\/wp\/v2\/product_brand?post=3339"},{"taxonomy":"product_cat","embeddable":true,"href":"https:\/\/linoexpress.com\/si\/wp-json\/wp\/v2\/product_cat?post=3339"},{"taxonomy":"product_tag","embeddable":true,"href":"https:\/\/linoexpress.com\/si\/wp-json\/wp\/v2\/product_tag?post=3339"}],"curies":[{"name":"wp","href":"https:\/\/api.w.org\/{rel}","templated":true}]}}