{"id":3448,"date":"2025-07-24T21:18:26","date_gmt":"2025-07-24T19:18:26","guid":{"rendered":"https:\/\/linoexpress.com\/si\/?post_type=product&#038;p=3448"},"modified":"2026-04-14T23:13:01","modified_gmt":"2026-04-14T21:13:01","slug":"rotirajoca-kosara-za-zar","status":"publish","type":"product","link":"https:\/\/linoexpress.com\/si\/proizvod\/rotirajoca-kosara-za-zar\/","title":{"rendered":"Rotirajo\u010da ko\u0161ara za \u017ear"},"content":{"rendered":"","protected":false},"excerpt":{"rendered":"<p>Prakti\u010dna in inovativna ko\u0161ara za peko, ki enakomerno vrti hrano za popoln okus. Idealna za zelenjavo, meso in ore\u0161\u010dke. Prihrani \u010das, prostor in omogo\u010da popolno u\u017eivanje v \u017earu.<\/p>\n","protected":false},"featured_media":3462,"comment_status":"closed","ping_status":"closed","template":"","meta":{"inline_featured_image":false},"product_brand":[],"product_cat":[25,24,15],"product_tag":[],"class_list":{"0":"post-3448","1":"product","2":"type-product","3":"status-publish","4":"has-post-thumbnail","6":"product_cat-car","7":"product_cat-sale","8":"product_cat-uncategorized","10":"first","11":"instock","12":"sale","13":"taxable","14":"shipping-taxable","15":"purchasable","16":"product-type-simple"},"acf":[],"_links":{"self":[{"href":"https:\/\/linoexpress.com\/si\/wp-json\/wp\/v2\/product\/3448","targetHints":{"allow":["GET"]}}],"collection":[{"href":"https:\/\/linoexpress.com\/si\/wp-json\/wp\/v2\/product"}],"about":[{"href":"https:\/\/linoexpress.com\/si\/wp-json\/wp\/v2\/types\/product"}],"replies":[{"embeddable":true,"href":"https:\/\/linoexpress.com\/si\/wp-json\/wp\/v2\/comments?post=3448"}],"wp:featuredmedia":[{"embeddable":true,"href":"https:\/\/linoexpress.com\/si\/wp-json\/wp\/v2\/media\/3462"}],"wp:attachment":[{"href":"https:\/\/linoexpress.com\/si\/wp-json\/wp\/v2\/media?parent=3448"}],"wp:term":[{"taxonomy":"product_brand","embeddable":true,"href":"https:\/\/linoexpress.com\/si\/wp-json\/wp\/v2\/product_brand?post=3448"},{"taxonomy":"product_cat","embeddable":true,"href":"https:\/\/linoexpress.com\/si\/wp-json\/wp\/v2\/product_cat?post=3448"},{"taxonomy":"product_tag","embeddable":true,"href":"https:\/\/linoexpress.com\/si\/wp-json\/wp\/v2\/product_tag?post=3448"}],"curies":[{"name":"wp","href":"https:\/\/api.w.org\/{rel}","templated":true}]}}