{"id":3501,"date":"2025-08-26T12:05:27","date_gmt":"2025-08-26T10:05:27","guid":{"rendered":"https:\/\/linoexpress.com\/si\/?post_type=product&#038;p=3501"},"modified":"2026-04-14T22:55:51","modified_gmt":"2026-04-14T20:55:51","slug":"tiha-zoga-za-neskoncno-igro-silent-basketball","status":"publish","type":"product","link":"https:\/\/linoexpress.com\/si\/proizvod\/tiha-zoga-za-neskoncno-igro-silent-basketball\/","title":{"rendered":"Tiha \u017eoga za neskon\u010dno igro \u2013 Silent Basketball"},"content":{"rendered":"","protected":false},"excerpt":{"rendered":"<p>Predstavljajte si ko\u0161arkarsko \u017eogo, ki ne povzro\u010da hrupa, ne po\u0161koduje pohi\u0161tva in je varna za igro v stanovanju. To\u010dno to prina\u0161a Silent Basketball \u2013 lahka in elasti\u010dna \u017eoga, ustvarjena za ure zabave.<br data-start=\"391\" data-end=\"394\" \/>Brez napihovanja, brez omejitev, samo \u010dista igra!<\/p>\n","protected":false},"featured_media":4960,"comment_status":"closed","ping_status":"closed","template":"","meta":{"inline_featured_image":false},"product_brand":[],"product_cat":[25,24,15],"product_tag":[],"class_list":{"0":"post-3501","1":"product","2":"type-product","3":"status-publish","4":"has-post-thumbnail","6":"product_cat-car","7":"product_cat-sale","8":"product_cat-uncategorized","10":"first","11":"instock","12":"sale","13":"taxable","14":"shipping-taxable","15":"purchasable","16":"product-type-simple"},"acf":[],"_links":{"self":[{"href":"https:\/\/linoexpress.com\/si\/wp-json\/wp\/v2\/product\/3501","targetHints":{"allow":["GET"]}}],"collection":[{"href":"https:\/\/linoexpress.com\/si\/wp-json\/wp\/v2\/product"}],"about":[{"href":"https:\/\/linoexpress.com\/si\/wp-json\/wp\/v2\/types\/product"}],"replies":[{"embeddable":true,"href":"https:\/\/linoexpress.com\/si\/wp-json\/wp\/v2\/comments?post=3501"}],"wp:featuredmedia":[{"embeddable":true,"href":"https:\/\/linoexpress.com\/si\/wp-json\/wp\/v2\/media\/4960"}],"wp:attachment":[{"href":"https:\/\/linoexpress.com\/si\/wp-json\/wp\/v2\/media?parent=3501"}],"wp:term":[{"taxonomy":"product_brand","embeddable":true,"href":"https:\/\/linoexpress.com\/si\/wp-json\/wp\/v2\/product_brand?post=3501"},{"taxonomy":"product_cat","embeddable":true,"href":"https:\/\/linoexpress.com\/si\/wp-json\/wp\/v2\/product_cat?post=3501"},{"taxonomy":"product_tag","embeddable":true,"href":"https:\/\/linoexpress.com\/si\/wp-json\/wp\/v2\/product_tag?post=3501"}],"curies":[{"name":"wp","href":"https:\/\/api.w.org\/{rel}","templated":true}]}}