{"id":3589,"date":"2025-10-17T09:52:17","date_gmt":"2025-10-17T07:52:17","guid":{"rendered":"https:\/\/linoexpress.com\/si\/?post_type=product&#038;p=3589"},"modified":"2026-04-14T18:39:04","modified_gmt":"2026-04-14T16:39:04","slug":"zvocna-knjiga-za-ucenje-anglescine","status":"publish","type":"product","link":"https:\/\/linoexpress.com\/si\/proizvod\/zvocna-knjiga-za-ucenje-anglescine\/","title":{"rendered":"Zvo\u010dna knjiga za u\u010denje angle\u0161\u010dine"},"content":{"rendered":"","protected":false},"excerpt":{"rendered":"<p>Interaktivna knjiga z zvokom pomaga otrokom, da se nau\u010dijo ve\u010d kot 470 besed v angle\u0161\u010dini skozi 21 tem, kvize in pesmice. Idealna je za doma\u010do uporabo, vrtec, \u0161olo ali kot izobra\u017eevalno darilo. Knjiga zdru\u017euje zabavo in u\u010denje ter spodbuja otroke k samostojnemu raziskovanju in govoru.<\/p>\n","protected":false},"featured_media":4959,"comment_status":"closed","ping_status":"closed","template":"","meta":{"inline_featured_image":false},"product_brand":[],"product_cat":[28,24,15,43],"product_tag":[],"class_list":{"0":"post-3589","1":"product","2":"type-product","3":"status-publish","4":"has-post-thumbnail","6":"product_cat-beauty","7":"product_cat-sale","8":"product_cat-uncategorized","9":"product_cat-fun","11":"first","12":"instock","13":"sale","14":"taxable","15":"shipping-taxable","16":"purchasable","17":"product-type-simple"},"acf":[],"_links":{"self":[{"href":"https:\/\/linoexpress.com\/si\/wp-json\/wp\/v2\/product\/3589","targetHints":{"allow":["GET"]}}],"collection":[{"href":"https:\/\/linoexpress.com\/si\/wp-json\/wp\/v2\/product"}],"about":[{"href":"https:\/\/linoexpress.com\/si\/wp-json\/wp\/v2\/types\/product"}],"replies":[{"embeddable":true,"href":"https:\/\/linoexpress.com\/si\/wp-json\/wp\/v2\/comments?post=3589"}],"wp:featuredmedia":[{"embeddable":true,"href":"https:\/\/linoexpress.com\/si\/wp-json\/wp\/v2\/media\/4959"}],"wp:attachment":[{"href":"https:\/\/linoexpress.com\/si\/wp-json\/wp\/v2\/media?parent=3589"}],"wp:term":[{"taxonomy":"product_brand","embeddable":true,"href":"https:\/\/linoexpress.com\/si\/wp-json\/wp\/v2\/product_brand?post=3589"},{"taxonomy":"product_cat","embeddable":true,"href":"https:\/\/linoexpress.com\/si\/wp-json\/wp\/v2\/product_cat?post=3589"},{"taxonomy":"product_tag","embeddable":true,"href":"https:\/\/linoexpress.com\/si\/wp-json\/wp\/v2\/product_tag?post=3589"}],"curies":[{"name":"wp","href":"https:\/\/api.w.org\/{rel}","templated":true}]}}