{"id":3605,"date":"2025-10-17T16:24:07","date_gmt":"2025-10-17T14:24:07","guid":{"rendered":"https:\/\/linoexpress.com\/si\/?post_type=product&#038;p=3605"},"modified":"2026-03-30T12:00:52","modified_gmt":"2026-03-30T10:00:52","slug":"custvena-plisasta-igracka-kuschelkoala","status":"publish","type":"product","link":"https:\/\/linoexpress.com\/si\/proizvod\/custvena-plisasta-igracka-kuschelkoala\/","title":{"rendered":"Prisr\u010dna pli\u0161asta igra\u010dka &#8211; KuschelKoala"},"content":{"rendered":"","protected":false},"excerpt":{"rendered":"<p data-start=\"122\" data-end=\"401\">Prisr\u010dna pli\u0161asta igra\u010da je mehka in ljubka igra\u010da, primerna za crkljanje, igro in vsakodnevno uporabo. Izdelana je iz prijetnega pli\u0161a ter ima urejen in prijeten videz, ki je v\u0161e\u010d otrokom in odraslim. Lepo se poda v dom, otro\u0161ko sobo ali kot darilo ob posebnih prilo\u017enostih.<\/p>\n<p data-start=\"403\" data-end=\"417\">\n","protected":false},"featured_media":3607,"comment_status":"closed","ping_status":"closed","template":"","meta":{"inline_featured_image":false},"product_brand":[],"product_cat":[27,24,15,43],"product_tag":[],"class_list":{"0":"post-3605","1":"product","2":"type-product","3":"status-publish","4":"has-post-thumbnail","6":"product_cat-home","7":"product_cat-sale","8":"product_cat-uncategorized","9":"product_cat-fun","11":"first","12":"instock","13":"sale","14":"taxable","15":"shipping-taxable","16":"purchasable","17":"product-type-simple"},"acf":[],"_links":{"self":[{"href":"https:\/\/linoexpress.com\/si\/wp-json\/wp\/v2\/product\/3605","targetHints":{"allow":["GET"]}}],"collection":[{"href":"https:\/\/linoexpress.com\/si\/wp-json\/wp\/v2\/product"}],"about":[{"href":"https:\/\/linoexpress.com\/si\/wp-json\/wp\/v2\/types\/product"}],"replies":[{"embeddable":true,"href":"https:\/\/linoexpress.com\/si\/wp-json\/wp\/v2\/comments?post=3605"}],"wp:featuredmedia":[{"embeddable":true,"href":"https:\/\/linoexpress.com\/si\/wp-json\/wp\/v2\/media\/3607"}],"wp:attachment":[{"href":"https:\/\/linoexpress.com\/si\/wp-json\/wp\/v2\/media?parent=3605"}],"wp:term":[{"taxonomy":"product_brand","embeddable":true,"href":"https:\/\/linoexpress.com\/si\/wp-json\/wp\/v2\/product_brand?post=3605"},{"taxonomy":"product_cat","embeddable":true,"href":"https:\/\/linoexpress.com\/si\/wp-json\/wp\/v2\/product_cat?post=3605"},{"taxonomy":"product_tag","embeddable":true,"href":"https:\/\/linoexpress.com\/si\/wp-json\/wp\/v2\/product_tag?post=3605"}],"curies":[{"name":"wp","href":"https:\/\/api.w.org\/{rel}","templated":true}]}}