{"id":3632,"date":"2025-10-20T23:37:37","date_gmt":"2025-10-20T21:37:37","guid":{"rendered":"https:\/\/linoexpress.com\/si\/?post_type=product&#038;p=3632"},"modified":"2026-04-14T15:27:57","modified_gmt":"2026-04-14T13:27:57","slug":"trak-za-pomoc-pri-dvigih-fitband-pro","status":"publish","type":"product","link":"https:\/\/linoexpress.com\/si\/proizvod\/trak-za-pomoc-pri-dvigih-fitband-pro\/","title":{"rendered":"Trak za pomo\u010d pri dvigih \u2013 FitBand Pro"},"content":{"rendered":"","protected":false},"excerpt":{"rendered":"<p>Izbolj\u0161aj svoj doma\u010di trening z trakom za dvige, ki nudi stabilnost, varnost in u\u010dinkovitost pri vsakem gibu. Brez partnerja in nepotrebne obremenitve \u2013 samo ti, tvoja mo\u010d in pametno orodje za vadbo. Primerna je tako za za\u010detnike kot za napredne \u0161portnike, ki \u017eelijo okrepiti zgornji del telesa in izpopolniti tehniko dvigov.<\/p>\n","protected":false},"featured_media":4952,"comment_status":"closed","ping_status":"closed","template":"","meta":{"inline_featured_image":false},"product_brand":[],"product_cat":[27,15,43,26],"product_tag":[],"class_list":{"0":"post-3632","1":"product","2":"type-product","3":"status-publish","4":"has-post-thumbnail","6":"product_cat-home","7":"product_cat-uncategorized","8":"product_cat-fun","9":"product_cat-health","11":"first","12":"instock","13":"sale","14":"taxable","15":"shipping-taxable","16":"purchasable","17":"product-type-simple"},"acf":[],"_links":{"self":[{"href":"https:\/\/linoexpress.com\/si\/wp-json\/wp\/v2\/product\/3632","targetHints":{"allow":["GET"]}}],"collection":[{"href":"https:\/\/linoexpress.com\/si\/wp-json\/wp\/v2\/product"}],"about":[{"href":"https:\/\/linoexpress.com\/si\/wp-json\/wp\/v2\/types\/product"}],"replies":[{"embeddable":true,"href":"https:\/\/linoexpress.com\/si\/wp-json\/wp\/v2\/comments?post=3632"}],"wp:featuredmedia":[{"embeddable":true,"href":"https:\/\/linoexpress.com\/si\/wp-json\/wp\/v2\/media\/4952"}],"wp:attachment":[{"href":"https:\/\/linoexpress.com\/si\/wp-json\/wp\/v2\/media?parent=3632"}],"wp:term":[{"taxonomy":"product_brand","embeddable":true,"href":"https:\/\/linoexpress.com\/si\/wp-json\/wp\/v2\/product_brand?post=3632"},{"taxonomy":"product_cat","embeddable":true,"href":"https:\/\/linoexpress.com\/si\/wp-json\/wp\/v2\/product_cat?post=3632"},{"taxonomy":"product_tag","embeddable":true,"href":"https:\/\/linoexpress.com\/si\/wp-json\/wp\/v2\/product_tag?post=3632"}],"curies":[{"name":"wp","href":"https:\/\/api.w.org\/{rel}","templated":true}]}}