{"id":3659,"date":"2025-10-22T23:27:12","date_gmt":"2025-10-22T21:27:12","guid":{"rendered":"https:\/\/linoexpress.com\/si\/?post_type=product&#038;p=3659"},"modified":"2026-04-14T15:01:28","modified_gmt":"2026-04-14T13:01:28","slug":"boxarski-set-za-otroke","status":"publish","type":"product","link":"https:\/\/linoexpress.com\/si\/proizvod\/boxarski-set-za-otroke\/","title":{"rendered":"Boxarski set za otroke"},"content":{"rendered":"","protected":false},"excerpt":{"rendered":"<p>Zabaven in varen na\u010din, da otroci porabijo odve\u010dno energijo, razvijajo kondicijo in koordinacijo! Ta komplet spodbuja ljubezen do \u0161porta, pomaga pri gradnji zdravih navad in zmanj\u0161anju stresa pri mal\u010dkih. Kakovostna in varna izdelava zagotavlja dolgotrajno in varno uporabo.<\/p>\n","protected":false},"featured_media":3665,"comment_status":"closed","ping_status":"closed","template":"","meta":{"inline_featured_image":false},"product_brand":[],"product_cat":[25,24,15],"product_tag":[],"class_list":{"0":"post-3659","1":"product","2":"type-product","3":"status-publish","4":"has-post-thumbnail","6":"product_cat-car","7":"product_cat-sale","8":"product_cat-uncategorized","10":"first","11":"instock","12":"sale","13":"taxable","14":"shipping-taxable","15":"purchasable","16":"product-type-simple"},"acf":[],"_links":{"self":[{"href":"https:\/\/linoexpress.com\/si\/wp-json\/wp\/v2\/product\/3659","targetHints":{"allow":["GET"]}}],"collection":[{"href":"https:\/\/linoexpress.com\/si\/wp-json\/wp\/v2\/product"}],"about":[{"href":"https:\/\/linoexpress.com\/si\/wp-json\/wp\/v2\/types\/product"}],"replies":[{"embeddable":true,"href":"https:\/\/linoexpress.com\/si\/wp-json\/wp\/v2\/comments?post=3659"}],"wp:featuredmedia":[{"embeddable":true,"href":"https:\/\/linoexpress.com\/si\/wp-json\/wp\/v2\/media\/3665"}],"wp:attachment":[{"href":"https:\/\/linoexpress.com\/si\/wp-json\/wp\/v2\/media?parent=3659"}],"wp:term":[{"taxonomy":"product_brand","embeddable":true,"href":"https:\/\/linoexpress.com\/si\/wp-json\/wp\/v2\/product_brand?post=3659"},{"taxonomy":"product_cat","embeddable":true,"href":"https:\/\/linoexpress.com\/si\/wp-json\/wp\/v2\/product_cat?post=3659"},{"taxonomy":"product_tag","embeddable":true,"href":"https:\/\/linoexpress.com\/si\/wp-json\/wp\/v2\/product_tag?post=3659"}],"curies":[{"name":"wp","href":"https:\/\/api.w.org\/{rel}","templated":true}]}}