{"id":3711,"date":"2025-11-04T10:14:07","date_gmt":"2025-11-04T09:14:07","guid":{"rendered":"https:\/\/linoexpress.com\/si\/?post_type=product&#038;p=3711"},"modified":"2026-04-14T14:57:53","modified_gmt":"2026-04-14T12:57:53","slug":"plisani-pes-robot","status":"publish","type":"product","link":"https:\/\/linoexpress.com\/si\/proizvod\/plisani-pes-robot\/","title":{"rendered":"Pli\u0161asti pes robot"},"content":{"rendered":"","protected":false},"excerpt":{"rendered":"<p>Ta prisr\u010den pli\u0161asti pas robot prina\u0161a veselje, toplino in nasmeh vsakemu otroku.<br data-start=\"329\" data-end=\"332\" \/>Popoln spremljevalec za igro, crkljanje in miren spanec \u2013 prav kot pravi hi\u0161ni ljubljen\u010dek.<br data-start=\"423\" data-end=\"426\" \/>Izdelan je iz mehke in varne tkanine z interaktivnimi funkcijami, ki o\u017eivijo igro in ustvarijo nepozabne trenutke.<\/p>\n","protected":false},"featured_media":3715,"comment_status":"closed","ping_status":"closed","template":"","meta":{"inline_featured_image":false},"product_brand":[],"product_cat":[27,24,15,43],"product_tag":[],"class_list":{"0":"post-3711","1":"product","2":"type-product","3":"status-publish","4":"has-post-thumbnail","6":"product_cat-home","7":"product_cat-sale","8":"product_cat-uncategorized","9":"product_cat-fun","11":"first","12":"instock","13":"sale","14":"taxable","15":"shipping-taxable","16":"purchasable","17":"product-type-simple"},"acf":[],"_links":{"self":[{"href":"https:\/\/linoexpress.com\/si\/wp-json\/wp\/v2\/product\/3711","targetHints":{"allow":["GET"]}}],"collection":[{"href":"https:\/\/linoexpress.com\/si\/wp-json\/wp\/v2\/product"}],"about":[{"href":"https:\/\/linoexpress.com\/si\/wp-json\/wp\/v2\/types\/product"}],"replies":[{"embeddable":true,"href":"https:\/\/linoexpress.com\/si\/wp-json\/wp\/v2\/comments?post=3711"}],"wp:featuredmedia":[{"embeddable":true,"href":"https:\/\/linoexpress.com\/si\/wp-json\/wp\/v2\/media\/3715"}],"wp:attachment":[{"href":"https:\/\/linoexpress.com\/si\/wp-json\/wp\/v2\/media?parent=3711"}],"wp:term":[{"taxonomy":"product_brand","embeddable":true,"href":"https:\/\/linoexpress.com\/si\/wp-json\/wp\/v2\/product_brand?post=3711"},{"taxonomy":"product_cat","embeddable":true,"href":"https:\/\/linoexpress.com\/si\/wp-json\/wp\/v2\/product_cat?post=3711"},{"taxonomy":"product_tag","embeddable":true,"href":"https:\/\/linoexpress.com\/si\/wp-json\/wp\/v2\/product_tag?post=3711"}],"curies":[{"name":"wp","href":"https:\/\/api.w.org\/{rel}","templated":true}]}}