{"id":3735,"date":"2025-11-05T19:43:28","date_gmt":"2025-11-05T18:43:28","guid":{"rendered":"https:\/\/linoexpress.com\/si\/proizvod\/tracne-product\/"},"modified":"2026-04-14T14:53:49","modified_gmt":"2026-04-14T12:53:49","slug":"prenosni-raztezalnik-za-vrat","status":"publish","type":"product","link":"https:\/\/linoexpress.com\/si\/proizvod\/prenosni-raztezalnik-za-vrat\/","title":{"rendered":"Prenosni raztezalnik za vrat"},"content":{"rendered":"","protected":false},"excerpt":{"rendered":"<p>Reci zbogom okorelosti in napetosti v vratu s tem prenosnim raztezalnikom za vrat, ki ga lahko uporablja\u0161 kadarkoli in kjerkoli. Idealen je za okrevanje po dolgem delu za ra\u010dunalnikom, fizi\u010dni aktivnosti ali napornem dnevu. Ponuja profesionalno raztezanje in olaj\u0161anje mi\u0161ic vratu in ramen \u2013 vse to v udobju tvojega doma.<\/p>\n","protected":false},"featured_media":3736,"comment_status":"closed","ping_status":"closed","template":"","meta":{"inline_featured_image":false},"product_brand":[],"product_cat":[27,15,43,26],"product_tag":[],"class_list":{"0":"post-3735","1":"product","2":"type-product","3":"status-publish","4":"has-post-thumbnail","6":"product_cat-home","7":"product_cat-uncategorized","8":"product_cat-fun","9":"product_cat-health","11":"first","12":"instock","13":"sale","14":"taxable","15":"shipping-taxable","16":"purchasable","17":"product-type-simple"},"acf":[],"_links":{"self":[{"href":"https:\/\/linoexpress.com\/si\/wp-json\/wp\/v2\/product\/3735","targetHints":{"allow":["GET"]}}],"collection":[{"href":"https:\/\/linoexpress.com\/si\/wp-json\/wp\/v2\/product"}],"about":[{"href":"https:\/\/linoexpress.com\/si\/wp-json\/wp\/v2\/types\/product"}],"replies":[{"embeddable":true,"href":"https:\/\/linoexpress.com\/si\/wp-json\/wp\/v2\/comments?post=3735"}],"wp:featuredmedia":[{"embeddable":true,"href":"https:\/\/linoexpress.com\/si\/wp-json\/wp\/v2\/media\/3736"}],"wp:attachment":[{"href":"https:\/\/linoexpress.com\/si\/wp-json\/wp\/v2\/media?parent=3735"}],"wp:term":[{"taxonomy":"product_brand","embeddable":true,"href":"https:\/\/linoexpress.com\/si\/wp-json\/wp\/v2\/product_brand?post=3735"},{"taxonomy":"product_cat","embeddable":true,"href":"https:\/\/linoexpress.com\/si\/wp-json\/wp\/v2\/product_cat?post=3735"},{"taxonomy":"product_tag","embeddable":true,"href":"https:\/\/linoexpress.com\/si\/wp-json\/wp\/v2\/product_tag?post=3735"}],"curies":[{"name":"wp","href":"https:\/\/api.w.org\/{rel}","templated":true}]}}