{"id":3769,"date":"2025-11-06T16:19:24","date_gmt":"2025-11-06T15:19:24","guid":{"rendered":"https:\/\/linoexpress.com\/si\/proizvod\/musictrvo-product\/"},"modified":"2026-03-10T23:30:47","modified_gmt":"2026-03-10T22:30:47","slug":"glasbena-skrinjica-bozicni-vlak","status":"publish","type":"product","link":"https:\/\/linoexpress.com\/si\/proizvod\/glasbena-skrinjica-bozicni-vlak\/","title":{"rendered":"Glasbena skrinjica Bo\u017ei\u010dni vlak"},"content":{"rendered":"","protected":false},"excerpt":{"rendered":"<p>Retro dizajn vlaka s \u010dudovitimi bo\u017ei\u010dnimi motivi in prazni\u010dno glasbo ustvarja toplo, pravlji\u010dno vzdu\u0161je v vsakem domu. Ta elegantna dekoracija z Bo\u017ei\u010dkom, darili in u\u010dinkom sne\u017ene krogle je popolna izbira za prazni\u010dno mizo, kamin ali polico.<\/p>\n","protected":false},"featured_media":3770,"comment_status":"closed","ping_status":"closed","template":"","meta":{"inline_featured_image":false},"product_brand":[],"product_cat":[27,24,15,43],"product_tag":[],"class_list":{"0":"post-3769","1":"product","2":"type-product","3":"status-publish","4":"has-post-thumbnail","6":"product_cat-home","7":"product_cat-sale","8":"product_cat-uncategorized","9":"product_cat-fun","11":"first","12":"instock","13":"sale","14":"taxable","15":"shipping-taxable","16":"purchasable","17":"product-type-simple"},"acf":[],"_links":{"self":[{"href":"https:\/\/linoexpress.com\/si\/wp-json\/wp\/v2\/product\/3769","targetHints":{"allow":["GET"]}}],"collection":[{"href":"https:\/\/linoexpress.com\/si\/wp-json\/wp\/v2\/product"}],"about":[{"href":"https:\/\/linoexpress.com\/si\/wp-json\/wp\/v2\/types\/product"}],"replies":[{"embeddable":true,"href":"https:\/\/linoexpress.com\/si\/wp-json\/wp\/v2\/comments?post=3769"}],"wp:featuredmedia":[{"embeddable":true,"href":"https:\/\/linoexpress.com\/si\/wp-json\/wp\/v2\/media\/3770"}],"wp:attachment":[{"href":"https:\/\/linoexpress.com\/si\/wp-json\/wp\/v2\/media?parent=3769"}],"wp:term":[{"taxonomy":"product_brand","embeddable":true,"href":"https:\/\/linoexpress.com\/si\/wp-json\/wp\/v2\/product_brand?post=3769"},{"taxonomy":"product_cat","embeddable":true,"href":"https:\/\/linoexpress.com\/si\/wp-json\/wp\/v2\/product_cat?post=3769"},{"taxonomy":"product_tag","embeddable":true,"href":"https:\/\/linoexpress.com\/si\/wp-json\/wp\/v2\/product_tag?post=3769"}],"curies":[{"name":"wp","href":"https:\/\/api.w.org\/{rel}","templated":true}]}}