{"id":3841,"date":"2025-11-12T11:31:52","date_gmt":"2025-11-12T10:31:52","guid":{"rendered":"https:\/\/linoexpress.com\/si\/proizvod\/ulrep-product\/"},"modified":"2026-04-14T14:19:58","modified_gmt":"2026-04-14T12:19:58","slug":"ultrazvocna-zascita-pred-glodavci","status":"publish","type":"product","link":"https:\/\/linoexpress.com\/si\/proizvod\/ultrazvocna-zascita-pred-glodavci\/","title":{"rendered":"Ultrazvo\u010dna za\u0161\u010dita pred glodavci"},"content":{"rendered":"","protected":false},"excerpt":{"rendered":"<p>Elektronska naprava, ki odganja mi\u0161i in druge glodavce z visokofrekven\u010dnimi zvo\u010dnimi valovi.<br \/>\nLjudem je nesli\u0161en, glodavcem pa povzro\u010da nelagodje in odpor.<br \/>\nEnostaven je za uporabo in varen za ljudi in hi\u0161ne ljubljen\u010dke.<\/p>\n","protected":false},"featured_media":3847,"comment_status":"closed","ping_status":"closed","template":"","meta":{"inline_featured_image":false},"product_brand":[],"product_cat":[27,24,15,26],"product_tag":[],"class_list":{"0":"post-3841","1":"product","2":"type-product","3":"status-publish","4":"has-post-thumbnail","6":"product_cat-home","7":"product_cat-sale","8":"product_cat-uncategorized","9":"product_cat-health","11":"first","12":"instock","13":"sale","14":"taxable","15":"shipping-taxable","16":"purchasable","17":"product-type-simple"},"acf":[],"_links":{"self":[{"href":"https:\/\/linoexpress.com\/si\/wp-json\/wp\/v2\/product\/3841","targetHints":{"allow":["GET"]}}],"collection":[{"href":"https:\/\/linoexpress.com\/si\/wp-json\/wp\/v2\/product"}],"about":[{"href":"https:\/\/linoexpress.com\/si\/wp-json\/wp\/v2\/types\/product"}],"replies":[{"embeddable":true,"href":"https:\/\/linoexpress.com\/si\/wp-json\/wp\/v2\/comments?post=3841"}],"wp:featuredmedia":[{"embeddable":true,"href":"https:\/\/linoexpress.com\/si\/wp-json\/wp\/v2\/media\/3847"}],"wp:attachment":[{"href":"https:\/\/linoexpress.com\/si\/wp-json\/wp\/v2\/media?parent=3841"}],"wp:term":[{"taxonomy":"product_brand","embeddable":true,"href":"https:\/\/linoexpress.com\/si\/wp-json\/wp\/v2\/product_brand?post=3841"},{"taxonomy":"product_cat","embeddable":true,"href":"https:\/\/linoexpress.com\/si\/wp-json\/wp\/v2\/product_cat?post=3841"},{"taxonomy":"product_tag","embeddable":true,"href":"https:\/\/linoexpress.com\/si\/wp-json\/wp\/v2\/product_tag?post=3841"}],"curies":[{"name":"wp","href":"https:\/\/api.w.org\/{rel}","templated":true}]}}