{"id":3866,"date":"2025-11-13T17:03:19","date_gmt":"2025-11-13T16:03:19","guid":{"rendered":"https:\/\/linoexpress.com\/si\/proizvod\/zp20-product\/"},"modified":"2026-04-14T13:30:26","modified_gmt":"2026-04-14T11:30:26","slug":"turbo-dvojni-stenski-polnilec-20w","status":"publish","type":"product","link":"https:\/\/linoexpress.com\/si\/proizvod\/turbo-dvojni-stenski-polnilec-20w\/","title":{"rendered":"Turbo dvojni stenski polnilec 20W"},"content":{"rendered":"","protected":false},"excerpt":{"rendered":"<p>Hitro napolnite vse svoje naprave s Turbo dvojnim stenskim polnilcem 20W. Kompakten, zanesljiv in pameten \u2013 ta polnilec uporablja napredno tehnologijo za hitro in varno polnjenje telefonov, tablic, konzol in drugih naprav. Vgrajen uvla\u010dljiv kabel in ve\u010dplastna za\u0161\u010dita ga naredita prakti\u010dnega za vsako prilo\u017enost: doma, v slu\u017ebi ali na poti.<\/p>\n","protected":false},"featured_media":3871,"comment_status":"closed","ping_status":"closed","template":"","meta":{"inline_featured_image":false},"product_brand":[],"product_cat":[27,24,15,43],"product_tag":[],"class_list":{"0":"post-3866","1":"product","2":"type-product","3":"status-publish","4":"has-post-thumbnail","6":"product_cat-home","7":"product_cat-sale","8":"product_cat-uncategorized","9":"product_cat-fun","11":"first","12":"instock","13":"sale","14":"taxable","15":"shipping-taxable","16":"purchasable","17":"product-type-simple"},"acf":[],"_links":{"self":[{"href":"https:\/\/linoexpress.com\/si\/wp-json\/wp\/v2\/product\/3866","targetHints":{"allow":["GET"]}}],"collection":[{"href":"https:\/\/linoexpress.com\/si\/wp-json\/wp\/v2\/product"}],"about":[{"href":"https:\/\/linoexpress.com\/si\/wp-json\/wp\/v2\/types\/product"}],"replies":[{"embeddable":true,"href":"https:\/\/linoexpress.com\/si\/wp-json\/wp\/v2\/comments?post=3866"}],"wp:featuredmedia":[{"embeddable":true,"href":"https:\/\/linoexpress.com\/si\/wp-json\/wp\/v2\/media\/3871"}],"wp:attachment":[{"href":"https:\/\/linoexpress.com\/si\/wp-json\/wp\/v2\/media?parent=3866"}],"wp:term":[{"taxonomy":"product_brand","embeddable":true,"href":"https:\/\/linoexpress.com\/si\/wp-json\/wp\/v2\/product_brand?post=3866"},{"taxonomy":"product_cat","embeddable":true,"href":"https:\/\/linoexpress.com\/si\/wp-json\/wp\/v2\/product_cat?post=3866"},{"taxonomy":"product_tag","embeddable":true,"href":"https:\/\/linoexpress.com\/si\/wp-json\/wp\/v2\/product_tag?post=3866"}],"curies":[{"name":"wp","href":"https:\/\/api.w.org\/{rel}","templated":true}]}}