{"id":4140,"date":"2025-12-10T07:36:24","date_gmt":"2025-12-10T06:36:24","guid":{"rendered":"https:\/\/linoexpress.com\/si\/proizvod\/sn-mask-product\/"},"modified":"2026-04-14T10:41:17","modified_gmt":"2026-04-14T08:41:17","slug":"snezni-nindza-maska","status":"publish","type":"product","link":"https:\/\/linoexpress.com\/si\/proizvod\/snezni-nindza-maska\/","title":{"rendered":"Sne\u017eni nind\u017ea maska"},"content":{"rendered":"","protected":false},"excerpt":{"rendered":"<p>Sne\u017eni Ninja maska je tvoj nepogre\u0161ljivi zaveznik na pobo\u010djih! Zdru\u017euje za\u0161\u010dito, udobje in stil v enem. Ta ve\u010dnamenska maska prihaja z odstranljivo masko za obraz in o\u010dali proti megljenju, ki zagotavljajo jasno vidljivost in popolno za\u0161\u010dito pred vetrom, snegom in UV \u017earki. Popolna za smu\u010danje, deskanje na snegu ali katerokoli zimsko avanturo!<\/p>\n","protected":false},"featured_media":4141,"comment_status":"closed","ping_status":"closed","template":"","meta":{"inline_featured_image":false},"product_brand":[],"product_cat":[24,15,43],"product_tag":[],"class_list":{"0":"post-4140","1":"product","2":"type-product","3":"status-publish","4":"has-post-thumbnail","6":"product_cat-sale","7":"product_cat-uncategorized","8":"product_cat-fun","10":"first","11":"instock","12":"sale","13":"taxable","14":"shipping-taxable","15":"purchasable","16":"product-type-simple"},"acf":[],"_links":{"self":[{"href":"https:\/\/linoexpress.com\/si\/wp-json\/wp\/v2\/product\/4140","targetHints":{"allow":["GET"]}}],"collection":[{"href":"https:\/\/linoexpress.com\/si\/wp-json\/wp\/v2\/product"}],"about":[{"href":"https:\/\/linoexpress.com\/si\/wp-json\/wp\/v2\/types\/product"}],"replies":[{"embeddable":true,"href":"https:\/\/linoexpress.com\/si\/wp-json\/wp\/v2\/comments?post=4140"}],"wp:featuredmedia":[{"embeddable":true,"href":"https:\/\/linoexpress.com\/si\/wp-json\/wp\/v2\/media\/4141"}],"wp:attachment":[{"href":"https:\/\/linoexpress.com\/si\/wp-json\/wp\/v2\/media?parent=4140"}],"wp:term":[{"taxonomy":"product_brand","embeddable":true,"href":"https:\/\/linoexpress.com\/si\/wp-json\/wp\/v2\/product_brand?post=4140"},{"taxonomy":"product_cat","embeddable":true,"href":"https:\/\/linoexpress.com\/si\/wp-json\/wp\/v2\/product_cat?post=4140"},{"taxonomy":"product_tag","embeddable":true,"href":"https:\/\/linoexpress.com\/si\/wp-json\/wp\/v2\/product_tag?post=4140"}],"curies":[{"name":"wp","href":"https:\/\/api.w.org\/{rel}","templated":true}]}}