{"id":4207,"date":"2025-12-15T12:49:32","date_gmt":"2025-12-15T11:49:32","guid":{"rendered":"https:\/\/linoexpress.com\/si\/proizvod\/jazdog-product\/"},"modified":"2026-04-14T10:34:52","modified_gmt":"2026-04-14T08:34:52","slug":"pametni-plisasti-pes-jazbecar","status":"publish","type":"product","link":"https:\/\/linoexpress.com\/si\/proizvod\/pametni-plisasti-pes-jazbecar\/","title":{"rendered":"Pametni pli\u0161asti pes jazbe\u010dar"},"content":{"rendered":"","protected":false},"excerpt":{"rendered":"<p>Spoznajte pli\u0161astega ljubljen\u010dka, ki se odziva kot pravi jazbe\u010dar.<\/p>\n<p>Zahvaljujo\u010d pametni tehnologiji gibanja prepozna dotik in se odzove s hojo, mahanjem repa in ne\u017enimi gibi glave.<\/p>\n<p>Popoln je kot \u010dustveni spremljevalec, darilo ali tola\u017eba v vsakem domu.<\/p>\n","protected":false},"featured_media":4212,"comment_status":"closed","ping_status":"closed","template":"","meta":{"inline_featured_image":false},"product_brand":[],"product_cat":[27,15,43],"product_tag":[],"class_list":{"0":"post-4207","1":"product","2":"type-product","3":"status-publish","4":"has-post-thumbnail","6":"product_cat-home","7":"product_cat-uncategorized","8":"product_cat-fun","10":"first","11":"instock","12":"sale","13":"taxable","14":"shipping-taxable","15":"purchasable","16":"product-type-simple"},"acf":[],"_links":{"self":[{"href":"https:\/\/linoexpress.com\/si\/wp-json\/wp\/v2\/product\/4207","targetHints":{"allow":["GET"]}}],"collection":[{"href":"https:\/\/linoexpress.com\/si\/wp-json\/wp\/v2\/product"}],"about":[{"href":"https:\/\/linoexpress.com\/si\/wp-json\/wp\/v2\/types\/product"}],"replies":[{"embeddable":true,"href":"https:\/\/linoexpress.com\/si\/wp-json\/wp\/v2\/comments?post=4207"}],"wp:featuredmedia":[{"embeddable":true,"href":"https:\/\/linoexpress.com\/si\/wp-json\/wp\/v2\/media\/4212"}],"wp:attachment":[{"href":"https:\/\/linoexpress.com\/si\/wp-json\/wp\/v2\/media?parent=4207"}],"wp:term":[{"taxonomy":"product_brand","embeddable":true,"href":"https:\/\/linoexpress.com\/si\/wp-json\/wp\/v2\/product_brand?post=4207"},{"taxonomy":"product_cat","embeddable":true,"href":"https:\/\/linoexpress.com\/si\/wp-json\/wp\/v2\/product_cat?post=4207"},{"taxonomy":"product_tag","embeddable":true,"href":"https:\/\/linoexpress.com\/si\/wp-json\/wp\/v2\/product_tag?post=4207"}],"curies":[{"name":"wp","href":"https:\/\/api.w.org\/{rel}","templated":true}]}}