{"id":4318,"date":"2026-01-04T00:46:47","date_gmt":"2026-01-03T23:46:47","guid":{"rendered":"https:\/\/linoexpress.com\/si\/proizvod\/autovariacija-product\/"},"modified":"2026-04-14T10:31:19","modified_gmt":"2026-04-14T08:31:19","slug":"otroski-karting-2-v-1-avtomobil","status":"publish","type":"product","link":"https:\/\/linoexpress.com\/si\/proizvod\/otroski-karting-2-v-1-avtomobil\/","title":{"rendered":"Otro\u0161ki karting &#8211; 2 v 1 avtomobil"},"content":{"rendered":"","protected":false},"excerpt":{"rendered":"<p>To multifunkcionalno otro\u0161ko vozilo omogo\u010da dvojno zabavo &#8211; ro\u010dno in elektri\u010dno vo\u017enjo! Popolno za igro tako v hi\u0161i kot zunaj, je lahko, zlo\u017eljivo in enostavno za upravljanje. Stabilna konstrukcija in varnostne funkcije otrokom zagotavljajo brezskrbno in vznemirljivo vo\u017enjo.<\/p>\n","protected":false},"featured_media":4319,"comment_status":"closed","ping_status":"closed","template":"","meta":{"inline_featured_image":false},"product_brand":[],"product_cat":[27,24,15,43],"product_tag":[],"class_list":{"0":"post-4318","1":"product","2":"type-product","3":"status-publish","4":"has-post-thumbnail","6":"product_cat-home","7":"product_cat-sale","8":"product_cat-uncategorized","9":"product_cat-fun","11":"first","12":"instock","13":"sale","14":"taxable","15":"shipping-taxable","16":"purchasable","17":"product-type-variable"},"acf":[],"_links":{"self":[{"href":"https:\/\/linoexpress.com\/si\/wp-json\/wp\/v2\/product\/4318","targetHints":{"allow":["GET"]}}],"collection":[{"href":"https:\/\/linoexpress.com\/si\/wp-json\/wp\/v2\/product"}],"about":[{"href":"https:\/\/linoexpress.com\/si\/wp-json\/wp\/v2\/types\/product"}],"replies":[{"embeddable":true,"href":"https:\/\/linoexpress.com\/si\/wp-json\/wp\/v2\/comments?post=4318"}],"wp:featuredmedia":[{"embeddable":true,"href":"https:\/\/linoexpress.com\/si\/wp-json\/wp\/v2\/media\/4319"}],"wp:attachment":[{"href":"https:\/\/linoexpress.com\/si\/wp-json\/wp\/v2\/media?parent=4318"}],"wp:term":[{"taxonomy":"product_brand","embeddable":true,"href":"https:\/\/linoexpress.com\/si\/wp-json\/wp\/v2\/product_brand?post=4318"},{"taxonomy":"product_cat","embeddable":true,"href":"https:\/\/linoexpress.com\/si\/wp-json\/wp\/v2\/product_cat?post=4318"},{"taxonomy":"product_tag","embeddable":true,"href":"https:\/\/linoexpress.com\/si\/wp-json\/wp\/v2\/product_tag?post=4318"}],"curies":[{"name":"wp","href":"https:\/\/api.w.org\/{rel}","templated":true}]}}