{"id":4334,"date":"2026-01-04T03:29:51","date_gmt":"2026-01-04T02:29:51","guid":{"rendered":"https:\/\/linoexpress.com\/si\/proizvod\/catch-product\/"},"modified":"2026-04-14T10:20:51","modified_gmt":"2026-04-14T08:20:51","slug":"humana-veckratna-past-za-glodavce","status":"publish","type":"product","link":"https:\/\/linoexpress.com\/si\/proizvod\/humana-veckratna-past-za-glodavce\/","title":{"rendered":"Humana ve\u010dkratna past za glodavce"},"content":{"rendered":"","protected":false},"excerpt":{"rendered":"<p>Humana ve\u010dkratna past za glodavce omogo\u010da varno lovljenje mi\u0161i in drugih manj\u0161ih glodavcev brez po\u0161kodovanja in ubijanja. Izdelana je iz kakovostnega pocinkanega jekla, primerna za notranjo in zunanjo uporabo. Idealna re\u0161itev za vse, ki \u017eelijo u\u010dinkovito, eti\u010dno in dolgotrajno kontrolo glodavcev.<\/p>\n","protected":false},"featured_media":4335,"comment_status":"closed","ping_status":"closed","template":"","meta":{"inline_featured_image":false},"product_brand":[],"product_cat":[27,24,15,43],"product_tag":[],"class_list":{"0":"post-4334","1":"product","2":"type-product","3":"status-publish","4":"has-post-thumbnail","6":"product_cat-home","7":"product_cat-sale","8":"product_cat-uncategorized","9":"product_cat-fun","11":"first","12":"instock","13":"sale","14":"taxable","15":"shipping-taxable","16":"purchasable","17":"product-type-simple"},"acf":[],"_links":{"self":[{"href":"https:\/\/linoexpress.com\/si\/wp-json\/wp\/v2\/product\/4334","targetHints":{"allow":["GET"]}}],"collection":[{"href":"https:\/\/linoexpress.com\/si\/wp-json\/wp\/v2\/product"}],"about":[{"href":"https:\/\/linoexpress.com\/si\/wp-json\/wp\/v2\/types\/product"}],"replies":[{"embeddable":true,"href":"https:\/\/linoexpress.com\/si\/wp-json\/wp\/v2\/comments?post=4334"}],"wp:featuredmedia":[{"embeddable":true,"href":"https:\/\/linoexpress.com\/si\/wp-json\/wp\/v2\/media\/4335"}],"wp:attachment":[{"href":"https:\/\/linoexpress.com\/si\/wp-json\/wp\/v2\/media?parent=4334"}],"wp:term":[{"taxonomy":"product_brand","embeddable":true,"href":"https:\/\/linoexpress.com\/si\/wp-json\/wp\/v2\/product_brand?post=4334"},{"taxonomy":"product_cat","embeddable":true,"href":"https:\/\/linoexpress.com\/si\/wp-json\/wp\/v2\/product_cat?post=4334"},{"taxonomy":"product_tag","embeddable":true,"href":"https:\/\/linoexpress.com\/si\/wp-json\/wp\/v2\/product_tag?post=4334"}],"curies":[{"name":"wp","href":"https:\/\/api.w.org\/{rel}","templated":true}]}}