{"id":4356,"date":"2026-01-04T22:26:15","date_gmt":"2026-01-04T21:26:15","guid":{"rendered":"https:\/\/linoexpress.com\/si\/proizvod\/cat135-product\/"},"modified":"2026-01-12T16:22:23","modified_gmt":"2026-01-12T15:22:23","slug":"macja-umetniska-sestavljanka-set-135-lesenih-delov","status":"publish","type":"product","link":"https:\/\/linoexpress.com\/si\/proizvod\/macja-umetniska-sestavljanka-set-135-lesenih-delov\/","title":{"rendered":"Ma\u010dja umetni\u0161ka sestavljanka \u2013 set 135 lesenih delov"},"content":{"rendered":"","protected":false},"excerpt":{"rendered":"<p>Ma\u010dja umetni\u0161ka sestavljanka iz 135 lesenih delov prina\u0161a ne\u017ene pastelne tone in edinstveno obliko ma\u010dke, ki ponuja posebno izku\u0161njo sestavljanja. Vsak del je razli\u010dno oblikovan, kar sestavljanje naredi zanimivo, izzivalno in spro\u0161\u010dujo\u010de hkrati. Po sestavljanju se sestavljanka spremeni v dekorativni detajl, ki prina\u0161a toplino v prostor.<\/p>\n","protected":false},"featured_media":4357,"comment_status":"closed","ping_status":"closed","template":"","meta":{"inline_featured_image":false},"product_brand":[],"product_cat":[27,24,15,43],"product_tag":[],"class_list":{"0":"post-4356","1":"product","2":"type-product","3":"status-publish","4":"has-post-thumbnail","6":"product_cat-home","7":"product_cat-sale","8":"product_cat-uncategorized","9":"product_cat-fun","11":"first","12":"instock","13":"sale","14":"taxable","15":"shipping-taxable","16":"purchasable","17":"product-type-simple"},"acf":[],"_links":{"self":[{"href":"https:\/\/linoexpress.com\/si\/wp-json\/wp\/v2\/product\/4356","targetHints":{"allow":["GET"]}}],"collection":[{"href":"https:\/\/linoexpress.com\/si\/wp-json\/wp\/v2\/product"}],"about":[{"href":"https:\/\/linoexpress.com\/si\/wp-json\/wp\/v2\/types\/product"}],"replies":[{"embeddable":true,"href":"https:\/\/linoexpress.com\/si\/wp-json\/wp\/v2\/comments?post=4356"}],"wp:featuredmedia":[{"embeddable":true,"href":"https:\/\/linoexpress.com\/si\/wp-json\/wp\/v2\/media\/4357"}],"wp:attachment":[{"href":"https:\/\/linoexpress.com\/si\/wp-json\/wp\/v2\/media?parent=4356"}],"wp:term":[{"taxonomy":"product_brand","embeddable":true,"href":"https:\/\/linoexpress.com\/si\/wp-json\/wp\/v2\/product_brand?post=4356"},{"taxonomy":"product_cat","embeddable":true,"href":"https:\/\/linoexpress.com\/si\/wp-json\/wp\/v2\/product_cat?post=4356"},{"taxonomy":"product_tag","embeddable":true,"href":"https:\/\/linoexpress.com\/si\/wp-json\/wp\/v2\/product_tag?post=4356"}],"curies":[{"name":"wp","href":"https:\/\/api.w.org\/{rel}","templated":true}]}}