{"id":4367,"date":"2026-01-05T00:51:19","date_gmt":"2026-01-04T23:51:19","guid":{"rendered":"https:\/\/linoexpress.com\/si\/proizvod\/bfly-product\/"},"modified":"2026-04-14T09:54:39","modified_gmt":"2026-04-14T07:54:39","slug":"komplet-ogrlica-in-zapestnica-carobni-metulji","status":"publish","type":"product","link":"https:\/\/linoexpress.com\/si\/proizvod\/komplet-ogrlica-in-zapestnica-carobni-metulji\/","title":{"rendered":"Komplet ogrlica in zapestnica \u010carobni metulji"},"content":{"rendered":"","protected":false},"excerpt":{"rendered":"<p>Ta o\u010darljiv komplet vsebuje ogrlico in zapestnico z modrimi metulji, ki ne\u017eno svetijo v temi. Popoln je za posebne prilo\u017enosti ali vsakodnevno no\u0161enje, dodaja pridih magije in elegance va\u0161emu videzu. Lahek in udoben, nosi tiho \u010darovnijo, ki nikoli ne ostane neopa\u017eena.<\/p>\n","protected":false},"featured_media":4368,"comment_status":"closed","ping_status":"closed","template":"","meta":{"inline_featured_image":false},"product_brand":[],"product_cat":[27,28,24,15,43],"product_tag":[],"class_list":{"0":"post-4367","1":"product","2":"type-product","3":"status-publish","4":"has-post-thumbnail","6":"product_cat-home","7":"product_cat-beauty","8":"product_cat-sale","9":"product_cat-uncategorized","10":"product_cat-fun","12":"first","13":"instock","14":"sale","15":"taxable","16":"shipping-taxable","17":"purchasable","18":"product-type-simple"},"acf":[],"_links":{"self":[{"href":"https:\/\/linoexpress.com\/si\/wp-json\/wp\/v2\/product\/4367","targetHints":{"allow":["GET"]}}],"collection":[{"href":"https:\/\/linoexpress.com\/si\/wp-json\/wp\/v2\/product"}],"about":[{"href":"https:\/\/linoexpress.com\/si\/wp-json\/wp\/v2\/types\/product"}],"replies":[{"embeddable":true,"href":"https:\/\/linoexpress.com\/si\/wp-json\/wp\/v2\/comments?post=4367"}],"wp:featuredmedia":[{"embeddable":true,"href":"https:\/\/linoexpress.com\/si\/wp-json\/wp\/v2\/media\/4368"}],"wp:attachment":[{"href":"https:\/\/linoexpress.com\/si\/wp-json\/wp\/v2\/media?parent=4367"}],"wp:term":[{"taxonomy":"product_brand","embeddable":true,"href":"https:\/\/linoexpress.com\/si\/wp-json\/wp\/v2\/product_brand?post=4367"},{"taxonomy":"product_cat","embeddable":true,"href":"https:\/\/linoexpress.com\/si\/wp-json\/wp\/v2\/product_cat?post=4367"},{"taxonomy":"product_tag","embeddable":true,"href":"https:\/\/linoexpress.com\/si\/wp-json\/wp\/v2\/product_tag?post=4367"}],"curies":[{"name":"wp","href":"https:\/\/api.w.org\/{rel}","templated":true}]}}