{"id":4464,"date":"2026-01-19T11:14:02","date_gmt":"2026-01-19T10:14:02","guid":{"rendered":"https:\/\/linoexpress.com\/si\/proizvod\/batpmp-product\/"},"modified":"2026-04-14T09:50:16","modified_gmt":"2026-04-14T07:50:16","slug":"prenosna-cev-s-crpalko","status":"publish","type":"product","link":"https:\/\/linoexpress.com\/si\/proizvod\/prenosna-cev-s-crpalko\/","title":{"rendered":"Prenosna cev s \u010drpalko"},"content":{"rendered":"","protected":false},"excerpt":{"rendered":"<p>Prenosna baterijska \u010drpalka omogo\u010da hitro, \u010disto in varno pre\u010drpavanje teko\u010din brez te\u017ekega dvigovanja. Deluje na baterije in se enostavno uporablja z eno roko, kar jo naredi idealno za gorivo, vodo in druge teko\u010dine. Popolna je za doma\u010do, profesionalno in nujno uporabo.<\/p>\n","protected":false},"featured_media":4915,"comment_status":"closed","ping_status":"closed","template":"","meta":{"inline_featured_image":false},"product_brand":[],"product_cat":[25,27,15],"product_tag":[],"class_list":{"0":"post-4464","1":"product","2":"type-product","3":"status-publish","4":"has-post-thumbnail","6":"product_cat-car","7":"product_cat-home","8":"product_cat-uncategorized","10":"first","11":"instock","12":"sale","13":"taxable","14":"shipping-taxable","15":"purchasable","16":"product-type-simple"},"acf":[],"_links":{"self":[{"href":"https:\/\/linoexpress.com\/si\/wp-json\/wp\/v2\/product\/4464","targetHints":{"allow":["GET"]}}],"collection":[{"href":"https:\/\/linoexpress.com\/si\/wp-json\/wp\/v2\/product"}],"about":[{"href":"https:\/\/linoexpress.com\/si\/wp-json\/wp\/v2\/types\/product"}],"replies":[{"embeddable":true,"href":"https:\/\/linoexpress.com\/si\/wp-json\/wp\/v2\/comments?post=4464"}],"wp:featuredmedia":[{"embeddable":true,"href":"https:\/\/linoexpress.com\/si\/wp-json\/wp\/v2\/media\/4915"}],"wp:attachment":[{"href":"https:\/\/linoexpress.com\/si\/wp-json\/wp\/v2\/media?parent=4464"}],"wp:term":[{"taxonomy":"product_brand","embeddable":true,"href":"https:\/\/linoexpress.com\/si\/wp-json\/wp\/v2\/product_brand?post=4464"},{"taxonomy":"product_cat","embeddable":true,"href":"https:\/\/linoexpress.com\/si\/wp-json\/wp\/v2\/product_cat?post=4464"},{"taxonomy":"product_tag","embeddable":true,"href":"https:\/\/linoexpress.com\/si\/wp-json\/wp\/v2\/product_tag?post=4464"}],"curies":[{"name":"wp","href":"https:\/\/api.w.org\/{rel}","templated":true}]}}