{"id":4491,"date":"2026-01-19T21:14:15","date_gmt":"2026-01-19T20:14:15","guid":{"rendered":"https:\/\/linoexpress.com\/si\/proizvod\/pants-product\/"},"modified":"2026-04-14T09:33:03","modified_gmt":"2026-04-14T07:33:03","slug":"nora-dvoriscna-igra-granny-pants","status":"publish","type":"product","link":"https:\/\/linoexpress.com\/si\/proizvod\/nora-dvoriscna-igra-granny-pants\/","title":{"rendered":"Nora dvori\u0161\u010dna igra &#8211; Granny Pants"},"content":{"rendered":"","protected":false},"excerpt":{"rendered":"<p>Stopite v nepozabno zabavo z Granny Pants, noro dvori\u0161\u010dno igro, ki zagotavlja smeh, gibanje in dru\u017eenje za vso dru\u017eino in prijatelje. Popolna je za dvori\u0161\u010da, piknike, rojstne dneve, \u0161olske aktivnosti in team building dogodke. Enostavna za postavitev, univerzalne velikosti in prilagojena vsem starostim, hitro postane glavna atrakcija vsakega sre\u010danja.<\/p>\n","protected":false},"featured_media":4492,"comment_status":"closed","ping_status":"closed","template":"","meta":{"inline_featured_image":false},"product_brand":[],"product_cat":[27,15,43],"product_tag":[],"class_list":{"0":"post-4491","1":"product","2":"type-product","3":"status-publish","4":"has-post-thumbnail","6":"product_cat-home","7":"product_cat-uncategorized","8":"product_cat-fun","10":"first","11":"instock","12":"sale","13":"taxable","14":"shipping-taxable","15":"purchasable","16":"product-type-simple"},"acf":[],"_links":{"self":[{"href":"https:\/\/linoexpress.com\/si\/wp-json\/wp\/v2\/product\/4491","targetHints":{"allow":["GET"]}}],"collection":[{"href":"https:\/\/linoexpress.com\/si\/wp-json\/wp\/v2\/product"}],"about":[{"href":"https:\/\/linoexpress.com\/si\/wp-json\/wp\/v2\/types\/product"}],"replies":[{"embeddable":true,"href":"https:\/\/linoexpress.com\/si\/wp-json\/wp\/v2\/comments?post=4491"}],"wp:featuredmedia":[{"embeddable":true,"href":"https:\/\/linoexpress.com\/si\/wp-json\/wp\/v2\/media\/4492"}],"wp:attachment":[{"href":"https:\/\/linoexpress.com\/si\/wp-json\/wp\/v2\/media?parent=4491"}],"wp:term":[{"taxonomy":"product_brand","embeddable":true,"href":"https:\/\/linoexpress.com\/si\/wp-json\/wp\/v2\/product_brand?post=4491"},{"taxonomy":"product_cat","embeddable":true,"href":"https:\/\/linoexpress.com\/si\/wp-json\/wp\/v2\/product_cat?post=4491"},{"taxonomy":"product_tag","embeddable":true,"href":"https:\/\/linoexpress.com\/si\/wp-json\/wp\/v2\/product_tag?post=4491"}],"curies":[{"name":"wp","href":"https:\/\/api.w.org\/{rel}","templated":true}]}}