{"id":4507,"date":"2026-01-19T22:54:03","date_gmt":"2026-01-19T21:54:03","guid":{"rendered":"https:\/\/linoexpress.com\/si\/proizvod\/bref-product\/"},"modified":"2026-04-14T01:41:29","modified_gmt":"2026-04-13T23:41:29","slug":"refleksna-zogica-za-vadbo-hitrosti-in-koordinacije","status":"publish","type":"product","link":"https:\/\/linoexpress.com\/si\/proizvod\/refleksna-zogica-za-vadbo-hitrosti-in-koordinacije\/","title":{"rendered":"Refleksna \u017eogica za vadbo hitrosti in koordinacije"},"content":{"rendered":"","protected":false},"excerpt":{"rendered":"<p>Refleksna boksarska \u017eogica je prakti\u010den trening pripomo\u010dek za izbolj\u0161anje hitrosti, fokusa in koordinacije roka &#8211; oko. Idealna je za boksarje, \u0161portnike in rekreativce vseh starosti, kot tudi za doma\u010do vadbo. Lahka, nastavljiva in enostavna za uporabo, omogo\u010da u\u010dinkovit trening kjerkoli se nahajate.<\/p>\n","protected":false},"featured_media":4508,"comment_status":"closed","ping_status":"closed","template":"","meta":{"inline_featured_image":false},"product_brand":[],"product_cat":[27,24,15,43],"product_tag":[],"class_list":{"0":"post-4507","1":"product","2":"type-product","3":"status-publish","4":"has-post-thumbnail","6":"product_cat-home","7":"product_cat-sale","8":"product_cat-uncategorized","9":"product_cat-fun","11":"first","12":"instock","13":"sale","14":"taxable","15":"shipping-taxable","16":"purchasable","17":"product-type-simple"},"acf":[],"_links":{"self":[{"href":"https:\/\/linoexpress.com\/si\/wp-json\/wp\/v2\/product\/4507","targetHints":{"allow":["GET"]}}],"collection":[{"href":"https:\/\/linoexpress.com\/si\/wp-json\/wp\/v2\/product"}],"about":[{"href":"https:\/\/linoexpress.com\/si\/wp-json\/wp\/v2\/types\/product"}],"replies":[{"embeddable":true,"href":"https:\/\/linoexpress.com\/si\/wp-json\/wp\/v2\/comments?post=4507"}],"wp:featuredmedia":[{"embeddable":true,"href":"https:\/\/linoexpress.com\/si\/wp-json\/wp\/v2\/media\/4508"}],"wp:attachment":[{"href":"https:\/\/linoexpress.com\/si\/wp-json\/wp\/v2\/media?parent=4507"}],"wp:term":[{"taxonomy":"product_brand","embeddable":true,"href":"https:\/\/linoexpress.com\/si\/wp-json\/wp\/v2\/product_brand?post=4507"},{"taxonomy":"product_cat","embeddable":true,"href":"https:\/\/linoexpress.com\/si\/wp-json\/wp\/v2\/product_cat?post=4507"},{"taxonomy":"product_tag","embeddable":true,"href":"https:\/\/linoexpress.com\/si\/wp-json\/wp\/v2\/product_tag?post=4507"}],"curies":[{"name":"wp","href":"https:\/\/api.w.org\/{rel}","templated":true}]}}