{"id":4631,"date":"2026-02-04T10:09:07","date_gmt":"2026-02-04T09:09:07","guid":{"rendered":"https:\/\/linoexpress.com\/si\/proizvod\/rfid-product\/"},"modified":"2026-04-14T01:21:56","modified_gmt":"2026-04-13T23:21:56","slug":"nocna-omarica-s-skritim-varnostnim-prostorom","status":"publish","type":"product","link":"https:\/\/linoexpress.com\/si\/proizvod\/nocna-omarica-s-skritim-varnostnim-prostorom\/","title":{"rendered":"No\u010dna omarica s skritim varnostnim prostorom"},"content":{"rendered":"","protected":false},"excerpt":{"rendered":"<p>Ta no\u010dna omarica prina\u0161a popolno kombinacijo elegance in diskretne za\u0161\u010dite v va\u0161 dom. Za preprostim, modernim videzom se skriva pametno skrit prostor z RFID zaklepanjem, namenjen za varno shranjevanje dragocenosti. Idealna je za vse, ki \u017eelijo urejen prostor, vendar tudi dodaten ob\u010dutek varnosti.<\/p>\n","protected":false},"featured_media":4632,"comment_status":"closed","ping_status":"closed","template":"","meta":{"inline_featured_image":false},"product_brand":[],"product_cat":[27,24,15,43],"product_tag":[],"class_list":{"0":"post-4631","1":"product","2":"type-product","3":"status-publish","4":"has-post-thumbnail","6":"product_cat-home","7":"product_cat-sale","8":"product_cat-uncategorized","9":"product_cat-fun","11":"first","12":"instock","13":"sale","14":"taxable","15":"shipping-taxable","16":"purchasable","17":"product-type-simple"},"acf":[],"_links":{"self":[{"href":"https:\/\/linoexpress.com\/si\/wp-json\/wp\/v2\/product\/4631","targetHints":{"allow":["GET"]}}],"collection":[{"href":"https:\/\/linoexpress.com\/si\/wp-json\/wp\/v2\/product"}],"about":[{"href":"https:\/\/linoexpress.com\/si\/wp-json\/wp\/v2\/types\/product"}],"replies":[{"embeddable":true,"href":"https:\/\/linoexpress.com\/si\/wp-json\/wp\/v2\/comments?post=4631"}],"wp:featuredmedia":[{"embeddable":true,"href":"https:\/\/linoexpress.com\/si\/wp-json\/wp\/v2\/media\/4632"}],"wp:attachment":[{"href":"https:\/\/linoexpress.com\/si\/wp-json\/wp\/v2\/media?parent=4631"}],"wp:term":[{"taxonomy":"product_brand","embeddable":true,"href":"https:\/\/linoexpress.com\/si\/wp-json\/wp\/v2\/product_brand?post=4631"},{"taxonomy":"product_cat","embeddable":true,"href":"https:\/\/linoexpress.com\/si\/wp-json\/wp\/v2\/product_cat?post=4631"},{"taxonomy":"product_tag","embeddable":true,"href":"https:\/\/linoexpress.com\/si\/wp-json\/wp\/v2\/product_tag?post=4631"}],"curies":[{"name":"wp","href":"https:\/\/api.w.org\/{rel}","templated":true}]}}