{"id":4860,"date":"2026-03-27T11:26:27","date_gmt":"2026-03-27T10:26:27","guid":{"rendered":"https:\/\/linoexpress.com\/si\/proizvod\/reflexpro-product\/"},"modified":"2026-04-14T01:14:57","modified_gmt":"2026-04-13T23:14:57","slug":"refleksna-vreca-za-trening-hitrosti-in-moci","status":"publish","type":"product","link":"https:\/\/linoexpress.com\/si\/proizvod\/refleksna-vreca-za-trening-hitrosti-in-moci\/","title":{"rendered":"Refleksna vre\u010da za trening hitrosti in mo\u010di"},"content":{"rendered":"","protected":false},"excerpt":{"rendered":"<p>Izbolj\u0161ajte svoje reflekse, hitrost in koordinacijo z inovativno refleksno vre\u010do, zasnovano za maksimalne zmogljivosti. Zahvaljujo\u010d stabilni vakuumski bazi in pametni zasnovi omogo\u010da intenziven trening brez premikanja in hrupa. Idealna je za doma\u010do uporabo, telovadnico in vse ravni uporabnikov, od za\u010detnikov do profesionalcev.<\/p>\n","protected":false},"featured_media":4861,"comment_status":"closed","ping_status":"closed","template":"","meta":{"inline_featured_image":false},"product_brand":[],"product_cat":[27,24,15,43],"product_tag":[],"class_list":{"0":"post-4860","1":"product","2":"type-product","3":"status-publish","4":"has-post-thumbnail","6":"product_cat-home","7":"product_cat-sale","8":"product_cat-uncategorized","9":"product_cat-fun","11":"first","12":"instock","13":"sale","14":"taxable","15":"shipping-taxable","16":"purchasable","17":"product-type-simple"},"acf":[],"_links":{"self":[{"href":"https:\/\/linoexpress.com\/si\/wp-json\/wp\/v2\/product\/4860","targetHints":{"allow":["GET"]}}],"collection":[{"href":"https:\/\/linoexpress.com\/si\/wp-json\/wp\/v2\/product"}],"about":[{"href":"https:\/\/linoexpress.com\/si\/wp-json\/wp\/v2\/types\/product"}],"replies":[{"embeddable":true,"href":"https:\/\/linoexpress.com\/si\/wp-json\/wp\/v2\/comments?post=4860"}],"wp:featuredmedia":[{"embeddable":true,"href":"https:\/\/linoexpress.com\/si\/wp-json\/wp\/v2\/media\/4861"}],"wp:attachment":[{"href":"https:\/\/linoexpress.com\/si\/wp-json\/wp\/v2\/media?parent=4860"}],"wp:term":[{"taxonomy":"product_brand","embeddable":true,"href":"https:\/\/linoexpress.com\/si\/wp-json\/wp\/v2\/product_brand?post=4860"},{"taxonomy":"product_cat","embeddable":true,"href":"https:\/\/linoexpress.com\/si\/wp-json\/wp\/v2\/product_cat?post=4860"},{"taxonomy":"product_tag","embeddable":true,"href":"https:\/\/linoexpress.com\/si\/wp-json\/wp\/v2\/product_tag?post=4860"}],"curies":[{"name":"wp","href":"https:\/\/api.w.org\/{rel}","templated":true}]}}