{"id":10241,"date":"2023-07-03T12:51:19","date_gmt":"2023-07-03T10:51:19","guid":{"rendered":"https:\/\/linoexpress.com\/sk\/?post_type=product&#038;p=10241"},"modified":"2024-09-09T12:02:53","modified_gmt":"2024-09-09T10:02:53","slug":"montessori-kreativna-sada-na-bodave-malovanie","status":"publish","type":"product","link":"https:\/\/linoexpress.com\/sk\/produkt\/montessori-kreativna-sada-na-bodave-malovanie\/","title":{"rendered":"Montessori kreat\u00edvna sada na bodav\u00e9 ma\u013eovanie"},"content":{"rendered":"","protected":false},"excerpt":{"rendered":"<p>Nechajte deti vyjadri\u0165 svoju kreativitu s touto fantastickou sadou na nezvy\u010dajn\u00e9 ma\u013eovanie. \u0160peci\u00e1lna technika bodav\u00e9ho ma\u013eovania pote\u0161\u00ed ka\u017ed\u00e9 die\u0165a!<\/p>\n","protected":false},"featured_media":10184,"comment_status":"closed","ping_status":"closed","template":"","meta":{"inline_featured_image":false},"product_brand":[],"product_cat":[15,35],"product_tag":[],"class_list":{"0":"post-10241","1":"product","2":"type-product","3":"status-publish","4":"has-post-thumbnail","6":"product_cat-uncategorized","7":"product_cat-fun","9":"first","10":"instock","11":"sale","12":"taxable","13":"shipping-taxable","14":"purchasable","15":"product-type-simple"},"acf":[],"_links":{"self":[{"href":"https:\/\/linoexpress.com\/sk\/wp-json\/wp\/v2\/product\/10241","targetHints":{"allow":["GET"]}}],"collection":[{"href":"https:\/\/linoexpress.com\/sk\/wp-json\/wp\/v2\/product"}],"about":[{"href":"https:\/\/linoexpress.com\/sk\/wp-json\/wp\/v2\/types\/product"}],"replies":[{"embeddable":true,"href":"https:\/\/linoexpress.com\/sk\/wp-json\/wp\/v2\/comments?post=10241"}],"wp:featuredmedia":[{"embeddable":true,"href":"https:\/\/linoexpress.com\/sk\/wp-json\/wp\/v2\/media\/10184"}],"wp:attachment":[{"href":"https:\/\/linoexpress.com\/sk\/wp-json\/wp\/v2\/media?parent=10241"}],"wp:term":[{"taxonomy":"product_brand","embeddable":true,"href":"https:\/\/linoexpress.com\/sk\/wp-json\/wp\/v2\/product_brand?post=10241"},{"taxonomy":"product_cat","embeddable":true,"href":"https:\/\/linoexpress.com\/sk\/wp-json\/wp\/v2\/product_cat?post=10241"},{"taxonomy":"product_tag","embeddable":true,"href":"https:\/\/linoexpress.com\/sk\/wp-json\/wp\/v2\/product_tag?post=10241"}],"curies":[{"name":"wp","href":"https:\/\/api.w.org\/{rel}","templated":true}]}}