{"id":10378,"date":"2023-07-10T08:06:11","date_gmt":"2023-07-10T06:06:11","guid":{"rendered":"https:\/\/linoexpress.com\/sk\/?post_type=product&#038;p=10378"},"modified":"2023-07-10T15:11:22","modified_gmt":"2023-07-10T13:11:22","slug":"vysavac-a-sterilizator","status":"publish","type":"product","link":"https:\/\/linoexpress.com\/sk\/produkt\/vysavac-a-sterilizator\/","title":{"rendered":"Vys\u00e1va\u010d a steriliz\u00e1tor"},"content":{"rendered":"","protected":false},"excerpt":{"rendered":"<p>UV steriliz\u00e1tor a \u010disti\u010d na prach a rozto\u010de v\u00e1m zaru\u010d\u00ed svie\u017ee a bezpe\u010dn\u00e9 prostredie.<\/p>\n","protected":false},"featured_media":10381,"comment_status":"closed","ping_status":"closed","template":"","meta":{"inline_featured_image":false},"product_brand":[],"product_cat":[15],"product_tag":[],"class_list":{"0":"post-10378","1":"product","2":"type-product","3":"status-publish","4":"has-post-thumbnail","6":"product_cat-uncategorized","8":"first","9":"instock","10":"sale","11":"taxable","12":"shipping-taxable","13":"purchasable","14":"product-type-simple"},"acf":[],"_links":{"self":[{"href":"https:\/\/linoexpress.com\/sk\/wp-json\/wp\/v2\/product\/10378","targetHints":{"allow":["GET"]}}],"collection":[{"href":"https:\/\/linoexpress.com\/sk\/wp-json\/wp\/v2\/product"}],"about":[{"href":"https:\/\/linoexpress.com\/sk\/wp-json\/wp\/v2\/types\/product"}],"replies":[{"embeddable":true,"href":"https:\/\/linoexpress.com\/sk\/wp-json\/wp\/v2\/comments?post=10378"}],"wp:featuredmedia":[{"embeddable":true,"href":"https:\/\/linoexpress.com\/sk\/wp-json\/wp\/v2\/media\/10381"}],"wp:attachment":[{"href":"https:\/\/linoexpress.com\/sk\/wp-json\/wp\/v2\/media?parent=10378"}],"wp:term":[{"taxonomy":"product_brand","embeddable":true,"href":"https:\/\/linoexpress.com\/sk\/wp-json\/wp\/v2\/product_brand?post=10378"},{"taxonomy":"product_cat","embeddable":true,"href":"https:\/\/linoexpress.com\/sk\/wp-json\/wp\/v2\/product_cat?post=10378"},{"taxonomy":"product_tag","embeddable":true,"href":"https:\/\/linoexpress.com\/sk\/wp-json\/wp\/v2\/product_tag?post=10378"}],"curies":[{"name":"wp","href":"https:\/\/api.w.org\/{rel}","templated":true}]}}