{"id":10402,"date":"2023-07-10T13:18:23","date_gmt":"2023-07-10T11:18:23","guid":{"rendered":"https:\/\/linoexpress.com\/sk\/?post_type=product&#038;p=10402"},"modified":"2023-07-10T13:39:32","modified_gmt":"2023-07-10T11:39:32","slug":"tichy-basketbal","status":"publish","type":"product","link":"https:\/\/linoexpress.com\/sk\/produkt\/tichy-basketbal\/","title":{"rendered":"Tich\u00fd basketbal"},"content":{"rendered":"","protected":false},"excerpt":{"rendered":"<p>Tich\u00e1 lopti\u010dka na hranie v byte alebo dome je ide\u00e1lna pre ve\u013ea z\u00e1bavy bez ve\u013ek\u00e9ho hluku!<\/p>\n","protected":false},"featured_media":10406,"comment_status":"closed","ping_status":"closed","template":"","meta":{"inline_featured_image":false},"product_brand":[],"product_cat":[15],"product_tag":[],"class_list":{"0":"post-10402","1":"product","2":"type-product","3":"status-publish","4":"has-post-thumbnail","6":"product_cat-uncategorized","8":"first","9":"instock","10":"sale","11":"taxable","12":"shipping-taxable","13":"purchasable","14":"product-type-simple"},"acf":[],"_links":{"self":[{"href":"https:\/\/linoexpress.com\/sk\/wp-json\/wp\/v2\/product\/10402","targetHints":{"allow":["GET"]}}],"collection":[{"href":"https:\/\/linoexpress.com\/sk\/wp-json\/wp\/v2\/product"}],"about":[{"href":"https:\/\/linoexpress.com\/sk\/wp-json\/wp\/v2\/types\/product"}],"replies":[{"embeddable":true,"href":"https:\/\/linoexpress.com\/sk\/wp-json\/wp\/v2\/comments?post=10402"}],"wp:featuredmedia":[{"embeddable":true,"href":"https:\/\/linoexpress.com\/sk\/wp-json\/wp\/v2\/media\/10406"}],"wp:attachment":[{"href":"https:\/\/linoexpress.com\/sk\/wp-json\/wp\/v2\/media?parent=10402"}],"wp:term":[{"taxonomy":"product_brand","embeddable":true,"href":"https:\/\/linoexpress.com\/sk\/wp-json\/wp\/v2\/product_brand?post=10402"},{"taxonomy":"product_cat","embeddable":true,"href":"https:\/\/linoexpress.com\/sk\/wp-json\/wp\/v2\/product_cat?post=10402"},{"taxonomy":"product_tag","embeddable":true,"href":"https:\/\/linoexpress.com\/sk\/wp-json\/wp\/v2\/product_tag?post=10402"}],"curies":[{"name":"wp","href":"https:\/\/api.w.org\/{rel}","templated":true}]}}