{"id":10533,"date":"2023-07-14T09:05:48","date_gmt":"2023-07-14T07:05:48","guid":{"rendered":"https:\/\/linoexpress.com\/sk\/?post_type=product&#038;p=10533"},"modified":"2023-09-15T15:57:09","modified_gmt":"2023-09-15T13:57:09","slug":"montessori-magneticka-hra-na-triedenie-cisel-a-farieb","status":"publish","type":"product","link":"https:\/\/linoexpress.com\/sk\/produkt\/montessori-magneticka-hra-na-triedenie-cisel-a-farieb\/","title":{"rendered":"Montessori magnetick\u00e1 hra na triedenie \u010d\u00edsel a farieb"},"content":{"rendered":"","protected":false},"excerpt":{"rendered":"<p>Labyrintov\u00e1 hra\u010dka s magnetmi, fenomen\u00e1lna na rozvoj motorick\u00fdch zru\u010dnost\u00ed, u\u010denie farieb, \u010d\u00edsel a precvi\u010dovanie presnosti a trpezlivosti!<\/p>\n","protected":false},"featured_media":10537,"comment_status":"closed","ping_status":"closed","template":"","meta":{"inline_featured_image":false},"product_brand":[],"product_cat":[15],"product_tag":[],"class_list":{"0":"post-10533","1":"product","2":"type-product","3":"status-publish","4":"has-post-thumbnail","6":"product_cat-uncategorized","8":"first","9":"instock","10":"sale","11":"taxable","12":"shipping-taxable","13":"purchasable","14":"product-type-simple"},"acf":[],"_links":{"self":[{"href":"https:\/\/linoexpress.com\/sk\/wp-json\/wp\/v2\/product\/10533","targetHints":{"allow":["GET"]}}],"collection":[{"href":"https:\/\/linoexpress.com\/sk\/wp-json\/wp\/v2\/product"}],"about":[{"href":"https:\/\/linoexpress.com\/sk\/wp-json\/wp\/v2\/types\/product"}],"replies":[{"embeddable":true,"href":"https:\/\/linoexpress.com\/sk\/wp-json\/wp\/v2\/comments?post=10533"}],"wp:featuredmedia":[{"embeddable":true,"href":"https:\/\/linoexpress.com\/sk\/wp-json\/wp\/v2\/media\/10537"}],"wp:attachment":[{"href":"https:\/\/linoexpress.com\/sk\/wp-json\/wp\/v2\/media?parent=10533"}],"wp:term":[{"taxonomy":"product_brand","embeddable":true,"href":"https:\/\/linoexpress.com\/sk\/wp-json\/wp\/v2\/product_brand?post=10533"},{"taxonomy":"product_cat","embeddable":true,"href":"https:\/\/linoexpress.com\/sk\/wp-json\/wp\/v2\/product_cat?post=10533"},{"taxonomy":"product_tag","embeddable":true,"href":"https:\/\/linoexpress.com\/sk\/wp-json\/wp\/v2\/product_tag?post=10533"}],"curies":[{"name":"wp","href":"https:\/\/api.w.org\/{rel}","templated":true}]}}