{"id":10808,"date":"2023-07-23T10:42:29","date_gmt":"2023-07-23T08:42:29","guid":{"rendered":"https:\/\/linoexpress.com\/sk\/?post_type=product&#038;p=10808"},"modified":"2023-07-24T12:49:11","modified_gmt":"2023-07-24T10:49:11","slug":"trenazer-v-pase","status":"publish","type":"product","link":"https:\/\/linoexpress.com\/sk\/produkt\/trenazer-v-pase\/","title":{"rendered":"Trena\u017e\u00e9r v p\u00e1se"},"content":{"rendered":"","protected":false},"excerpt":{"rendered":"<p>Pohodln\u00fd a priedu\u0161n\u00fd elastick\u00fd p\u00e1s na boky a chrb\u00e1t v\u00e1m d\u00e1va pocit bezpe\u010dia a \u013eahk\u00e9ho pohybu. Zni\u017euje bolesti chrbta a r\u00fdchlej\u0161ie spa\u013euje kal\u00f3rie a celulit\u00edda mizne s touto p\u00e1skou dokonca 2-3x r\u00fdchlej\u0161ie.<\/p>\n","protected":false},"featured_media":10817,"comment_status":"closed","ping_status":"closed","template":"","meta":{"inline_featured_image":false},"product_brand":[],"product_cat":[15],"product_tag":[],"class_list":{"0":"post-10808","1":"product","2":"type-product","3":"status-publish","4":"has-post-thumbnail","6":"product_cat-uncategorized","8":"first","9":"instock","10":"sale","11":"taxable","12":"shipping-taxable","13":"purchasable","14":"product-type-simple"},"acf":[],"_links":{"self":[{"href":"https:\/\/linoexpress.com\/sk\/wp-json\/wp\/v2\/product\/10808","targetHints":{"allow":["GET"]}}],"collection":[{"href":"https:\/\/linoexpress.com\/sk\/wp-json\/wp\/v2\/product"}],"about":[{"href":"https:\/\/linoexpress.com\/sk\/wp-json\/wp\/v2\/types\/product"}],"replies":[{"embeddable":true,"href":"https:\/\/linoexpress.com\/sk\/wp-json\/wp\/v2\/comments?post=10808"}],"wp:featuredmedia":[{"embeddable":true,"href":"https:\/\/linoexpress.com\/sk\/wp-json\/wp\/v2\/media\/10817"}],"wp:attachment":[{"href":"https:\/\/linoexpress.com\/sk\/wp-json\/wp\/v2\/media?parent=10808"}],"wp:term":[{"taxonomy":"product_brand","embeddable":true,"href":"https:\/\/linoexpress.com\/sk\/wp-json\/wp\/v2\/product_brand?post=10808"},{"taxonomy":"product_cat","embeddable":true,"href":"https:\/\/linoexpress.com\/sk\/wp-json\/wp\/v2\/product_cat?post=10808"},{"taxonomy":"product_tag","embeddable":true,"href":"https:\/\/linoexpress.com\/sk\/wp-json\/wp\/v2\/product_tag?post=10808"}],"curies":[{"name":"wp","href":"https:\/\/api.w.org\/{rel}","templated":true}]}}