{"id":10818,"date":"2023-07-23T11:12:16","date_gmt":"2023-07-23T09:12:16","guid":{"rendered":"https:\/\/linoexpress.com\/sk\/?post_type=product&#038;p=10818"},"modified":"2023-07-24T12:49:02","modified_gmt":"2023-07-24T10:49:02","slug":"enzymaticky-odstranovac-skvrn","status":"publish","type":"product","link":"https:\/\/linoexpress.com\/sk\/produkt\/enzymaticky-odstranovac-skvrn\/","title":{"rendered":"Enzymatick\u00fd odstra\u0148ova\u010d \u0161kv\u0155n"},"content":{"rendered":"","protected":false},"excerpt":{"rendered":"<p>Zbavte sa v\u0161etk\u00fdch nepr\u00edjemn\u00fdch odoln\u00fdch \u0161kv\u0155n na oble\u010den\u00ed za p\u00e1r min\u00fat!<\/p>\n","protected":false},"featured_media":10826,"comment_status":"closed","ping_status":"closed","template":"","meta":{"inline_featured_image":false},"product_brand":[],"product_cat":[15],"product_tag":[],"class_list":{"0":"post-10818","1":"product","2":"type-product","3":"status-publish","4":"has-post-thumbnail","6":"product_cat-uncategorized","8":"first","9":"instock","10":"sale","11":"taxable","12":"shipping-taxable","13":"purchasable","14":"product-type-simple"},"acf":[],"_links":{"self":[{"href":"https:\/\/linoexpress.com\/sk\/wp-json\/wp\/v2\/product\/10818","targetHints":{"allow":["GET"]}}],"collection":[{"href":"https:\/\/linoexpress.com\/sk\/wp-json\/wp\/v2\/product"}],"about":[{"href":"https:\/\/linoexpress.com\/sk\/wp-json\/wp\/v2\/types\/product"}],"replies":[{"embeddable":true,"href":"https:\/\/linoexpress.com\/sk\/wp-json\/wp\/v2\/comments?post=10818"}],"wp:featuredmedia":[{"embeddable":true,"href":"https:\/\/linoexpress.com\/sk\/wp-json\/wp\/v2\/media\/10826"}],"wp:attachment":[{"href":"https:\/\/linoexpress.com\/sk\/wp-json\/wp\/v2\/media?parent=10818"}],"wp:term":[{"taxonomy":"product_brand","embeddable":true,"href":"https:\/\/linoexpress.com\/sk\/wp-json\/wp\/v2\/product_brand?post=10818"},{"taxonomy":"product_cat","embeddable":true,"href":"https:\/\/linoexpress.com\/sk\/wp-json\/wp\/v2\/product_cat?post=10818"},{"taxonomy":"product_tag","embeddable":true,"href":"https:\/\/linoexpress.com\/sk\/wp-json\/wp\/v2\/product_tag?post=10818"}],"curies":[{"name":"wp","href":"https:\/\/api.w.org\/{rel}","templated":true}]}}