{"id":10866,"date":"2023-07-25T08:59:25","date_gmt":"2023-07-25T06:59:25","guid":{"rendered":"https:\/\/linoexpress.com\/sk\/?post_type=product&#038;p=10866"},"modified":"2023-07-28T17:37:15","modified_gmt":"2023-07-28T15:37:15","slug":"strelecka-rukavica-spiderman","status":"publish","type":"product","link":"https:\/\/linoexpress.com\/sk\/produkt\/strelecka-rukavica-spiderman\/","title":{"rendered":"Streleck\u00e1 rukavica Spiderman"},"content":{"rendered":"","protected":false},"excerpt":{"rendered":"<p>Doprajte svojim de\u0165om nezabudnute\u013en\u00fa z\u00e1bavu s t\u00fdmito super streleck\u00fdmi rukavicami Spiderman. Plne interakt\u00edvna a bezpe\u010dn\u00e1 hra, ktor\u00fa si va\u0161i mal\u00ed superhrdinovia zamiluj\u00fa!<\/p>\n","protected":false},"featured_media":10868,"comment_status":"closed","ping_status":"closed","template":"","meta":{"inline_featured_image":false},"product_brand":[],"product_cat":[15,35],"product_tag":[],"class_list":{"0":"post-10866","1":"product","2":"type-product","3":"status-publish","4":"has-post-thumbnail","6":"product_cat-uncategorized","7":"product_cat-fun","9":"first","10":"instock","11":"sale","12":"taxable","13":"shipping-taxable","14":"purchasable","15":"product-type-simple"},"acf":[],"_links":{"self":[{"href":"https:\/\/linoexpress.com\/sk\/wp-json\/wp\/v2\/product\/10866","targetHints":{"allow":["GET"]}}],"collection":[{"href":"https:\/\/linoexpress.com\/sk\/wp-json\/wp\/v2\/product"}],"about":[{"href":"https:\/\/linoexpress.com\/sk\/wp-json\/wp\/v2\/types\/product"}],"replies":[{"embeddable":true,"href":"https:\/\/linoexpress.com\/sk\/wp-json\/wp\/v2\/comments?post=10866"}],"wp:featuredmedia":[{"embeddable":true,"href":"https:\/\/linoexpress.com\/sk\/wp-json\/wp\/v2\/media\/10868"}],"wp:attachment":[{"href":"https:\/\/linoexpress.com\/sk\/wp-json\/wp\/v2\/media?parent=10866"}],"wp:term":[{"taxonomy":"product_brand","embeddable":true,"href":"https:\/\/linoexpress.com\/sk\/wp-json\/wp\/v2\/product_brand?post=10866"},{"taxonomy":"product_cat","embeddable":true,"href":"https:\/\/linoexpress.com\/sk\/wp-json\/wp\/v2\/product_cat?post=10866"},{"taxonomy":"product_tag","embeddable":true,"href":"https:\/\/linoexpress.com\/sk\/wp-json\/wp\/v2\/product_tag?post=10866"}],"curies":[{"name":"wp","href":"https:\/\/api.w.org\/{rel}","templated":true}]}}