{"id":10947,"date":"2023-07-27T15:19:02","date_gmt":"2023-07-27T13:19:02","guid":{"rendered":"https:\/\/linoexpress.com\/sk\/?post_type=product&#038;p=10947"},"modified":"2023-09-15T12:48:49","modified_gmt":"2023-09-15T10:48:49","slug":"montessori-magneticka-hra-na-triedenie-cisel-a-farieb-2","status":"publish","type":"product","link":"https:\/\/linoexpress.com\/sk\/produkt\/montessori-magneticka-hra-na-triedenie-cisel-a-farieb-2\/","title":{"rendered":"Montessori magnetick\u00e1 hra na triedenie \u010d\u00edsel a farieb"},"content":{"rendered":"","protected":false},"excerpt":{"rendered":"<p>Labyrintov\u00e1 hra\u010dka s magnetmi je fenomen\u00e1lna na rozvoj motorick\u00fdch zru\u010dnost\u00ed, u\u010denie farieb, \u010d\u00edsel a precvi\u010dovanie presnosti a trpezlivosti!<\/p>\n","protected":false},"featured_media":10952,"comment_status":"closed","ping_status":"closed","template":"","meta":{"inline_featured_image":false},"product_brand":[],"product_cat":[15,35],"product_tag":[],"class_list":{"0":"post-10947","1":"product","2":"type-product","3":"status-publish","4":"has-post-thumbnail","6":"product_cat-uncategorized","7":"product_cat-fun","9":"first","10":"instock","11":"sale","12":"taxable","13":"shipping-taxable","14":"purchasable","15":"product-type-simple"},"acf":[],"_links":{"self":[{"href":"https:\/\/linoexpress.com\/sk\/wp-json\/wp\/v2\/product\/10947","targetHints":{"allow":["GET"]}}],"collection":[{"href":"https:\/\/linoexpress.com\/sk\/wp-json\/wp\/v2\/product"}],"about":[{"href":"https:\/\/linoexpress.com\/sk\/wp-json\/wp\/v2\/types\/product"}],"replies":[{"embeddable":true,"href":"https:\/\/linoexpress.com\/sk\/wp-json\/wp\/v2\/comments?post=10947"}],"wp:featuredmedia":[{"embeddable":true,"href":"https:\/\/linoexpress.com\/sk\/wp-json\/wp\/v2\/media\/10952"}],"wp:attachment":[{"href":"https:\/\/linoexpress.com\/sk\/wp-json\/wp\/v2\/media?parent=10947"}],"wp:term":[{"taxonomy":"product_brand","embeddable":true,"href":"https:\/\/linoexpress.com\/sk\/wp-json\/wp\/v2\/product_brand?post=10947"},{"taxonomy":"product_cat","embeddable":true,"href":"https:\/\/linoexpress.com\/sk\/wp-json\/wp\/v2\/product_cat?post=10947"},{"taxonomy":"product_tag","embeddable":true,"href":"https:\/\/linoexpress.com\/sk\/wp-json\/wp\/v2\/product_tag?post=10947"}],"curies":[{"name":"wp","href":"https:\/\/api.w.org\/{rel}","templated":true}]}}