{"id":11485,"date":"2023-08-14T11:25:51","date_gmt":"2023-08-14T09:25:51","guid":{"rendered":"https:\/\/linoexpress.com\/sk\/?post_type=product&#038;p=11485"},"modified":"2023-09-15T13:06:11","modified_gmt":"2023-09-15T11:06:11","slug":"ramy-na-detske-prace-2","status":"publish","type":"product","link":"https:\/\/linoexpress.com\/sk\/produkt\/ramy-na-detske-prace-2\/","title":{"rendered":"R\u00e1my na detsk\u00e9 pr\u00e1ce"},"content":{"rendered":"","protected":false},"excerpt":{"rendered":"<p>Ulo\u017ete si pr\u00e1ce, diplomy alebo fotografie svojich det\u00ed a hrdo ich vystavte na stenu alebo n\u00e1bytok. Mal\u00ed umelci bud\u00fa pote\u0161en\u00ed!<\/p>\n","protected":false},"featured_media":11490,"comment_status":"closed","ping_status":"closed","template":"","meta":{"inline_featured_image":false},"product_brand":[],"product_cat":[15,35],"product_tag":[],"class_list":{"0":"post-11485","1":"product","2":"type-product","3":"status-publish","4":"has-post-thumbnail","6":"product_cat-uncategorized","7":"product_cat-fun","9":"first","10":"instock","11":"sale","12":"taxable","13":"shipping-taxable","14":"purchasable","15":"product-type-simple"},"acf":[],"_links":{"self":[{"href":"https:\/\/linoexpress.com\/sk\/wp-json\/wp\/v2\/product\/11485","targetHints":{"allow":["GET"]}}],"collection":[{"href":"https:\/\/linoexpress.com\/sk\/wp-json\/wp\/v2\/product"}],"about":[{"href":"https:\/\/linoexpress.com\/sk\/wp-json\/wp\/v2\/types\/product"}],"replies":[{"embeddable":true,"href":"https:\/\/linoexpress.com\/sk\/wp-json\/wp\/v2\/comments?post=11485"}],"wp:featuredmedia":[{"embeddable":true,"href":"https:\/\/linoexpress.com\/sk\/wp-json\/wp\/v2\/media\/11490"}],"wp:attachment":[{"href":"https:\/\/linoexpress.com\/sk\/wp-json\/wp\/v2\/media?parent=11485"}],"wp:term":[{"taxonomy":"product_brand","embeddable":true,"href":"https:\/\/linoexpress.com\/sk\/wp-json\/wp\/v2\/product_brand?post=11485"},{"taxonomy":"product_cat","embeddable":true,"href":"https:\/\/linoexpress.com\/sk\/wp-json\/wp\/v2\/product_cat?post=11485"},{"taxonomy":"product_tag","embeddable":true,"href":"https:\/\/linoexpress.com\/sk\/wp-json\/wp\/v2\/product_tag?post=11485"}],"curies":[{"name":"wp","href":"https:\/\/api.w.org\/{rel}","templated":true}]}}