{"id":11960,"date":"2023-09-05T13:59:20","date_gmt":"2023-09-05T11:59:20","guid":{"rendered":"https:\/\/linoexpress.com\/sk\/?post_type=product&#038;p=11960"},"modified":"2023-09-18T09:35:16","modified_gmt":"2023-09-18T07:35:16","slug":"enzimaticky-odstranovac-skvrn","status":"publish","type":"product","link":"https:\/\/linoexpress.com\/sk\/produkt\/enzimaticky-odstranovac-skvrn\/","title":{"rendered":"Enzimatick\u00fd odstra\u0148ova\u010d \u0161kv\u0155n"},"content":{"rendered":"","protected":false},"excerpt":{"rendered":"<p>Zbavte sa v\u0161etk\u00fdch nepr\u00edjemn\u00fdch odoln\u00fdch \u0161kv\u0155n na oble\u010den\u00ed za p\u00e1r min\u00fat!<\/p>\n","protected":false},"featured_media":11966,"comment_status":"closed","ping_status":"closed","template":"","meta":{"inline_featured_image":false},"product_brand":[],"product_cat":[27,15],"product_tag":[],"class_list":{"0":"post-11960","1":"product","2":"type-product","3":"status-publish","4":"has-post-thumbnail","6":"product_cat-home","7":"product_cat-uncategorized","9":"first","10":"instock","11":"sale","12":"taxable","13":"shipping-taxable","14":"purchasable","15":"product-type-simple"},"acf":[],"_links":{"self":[{"href":"https:\/\/linoexpress.com\/sk\/wp-json\/wp\/v2\/product\/11960","targetHints":{"allow":["GET"]}}],"collection":[{"href":"https:\/\/linoexpress.com\/sk\/wp-json\/wp\/v2\/product"}],"about":[{"href":"https:\/\/linoexpress.com\/sk\/wp-json\/wp\/v2\/types\/product"}],"replies":[{"embeddable":true,"href":"https:\/\/linoexpress.com\/sk\/wp-json\/wp\/v2\/comments?post=11960"}],"wp:featuredmedia":[{"embeddable":true,"href":"https:\/\/linoexpress.com\/sk\/wp-json\/wp\/v2\/media\/11966"}],"wp:attachment":[{"href":"https:\/\/linoexpress.com\/sk\/wp-json\/wp\/v2\/media?parent=11960"}],"wp:term":[{"taxonomy":"product_brand","embeddable":true,"href":"https:\/\/linoexpress.com\/sk\/wp-json\/wp\/v2\/product_brand?post=11960"},{"taxonomy":"product_cat","embeddable":true,"href":"https:\/\/linoexpress.com\/sk\/wp-json\/wp\/v2\/product_cat?post=11960"},{"taxonomy":"product_tag","embeddable":true,"href":"https:\/\/linoexpress.com\/sk\/wp-json\/wp\/v2\/product_tag?post=11960"}],"curies":[{"name":"wp","href":"https:\/\/api.w.org\/{rel}","templated":true}]}}