{"id":12239,"date":"2023-09-20T08:30:47","date_gmt":"2023-09-20T06:30:47","guid":{"rendered":"https:\/\/linoexpress.com\/sk\/?post_type=product&#038;p=12239"},"modified":"2023-10-15T17:50:08","modified_gmt":"2023-10-15T15:50:08","slug":"zaujimava-rekvizita-na-dvor-2","status":"publish","type":"product","link":"https:\/\/linoexpress.com\/sk\/produkt\/zaujimava-rekvizita-na-dvor-2\/","title":{"rendered":"Zauj\u00edmav\u00e1 rekvizita na dvor"},"content":{"rendered":"","protected":false},"excerpt":{"rendered":"<p>Urobte na svojom dvore alebo dome t\u00fa najstra\u0161idelnej\u0161iu hallowensk\u00fa v\u00fdzdobu. Jedin\u010den\u00fd sp\u00f4sob zdobenia dvora!<\/p>\n","protected":false},"featured_media":12248,"comment_status":"closed","ping_status":"closed","template":"","meta":{"inline_featured_image":false},"product_brand":[],"product_cat":[15,35],"product_tag":[],"class_list":{"0":"post-12239","1":"product","2":"type-product","3":"status-publish","4":"has-post-thumbnail","6":"product_cat-uncategorized","7":"product_cat-fun","9":"first","10":"instock","11":"sale","12":"taxable","13":"shipping-taxable","14":"purchasable","15":"product-type-simple"},"acf":[],"_links":{"self":[{"href":"https:\/\/linoexpress.com\/sk\/wp-json\/wp\/v2\/product\/12239","targetHints":{"allow":["GET"]}}],"collection":[{"href":"https:\/\/linoexpress.com\/sk\/wp-json\/wp\/v2\/product"}],"about":[{"href":"https:\/\/linoexpress.com\/sk\/wp-json\/wp\/v2\/types\/product"}],"replies":[{"embeddable":true,"href":"https:\/\/linoexpress.com\/sk\/wp-json\/wp\/v2\/comments?post=12239"}],"wp:featuredmedia":[{"embeddable":true,"href":"https:\/\/linoexpress.com\/sk\/wp-json\/wp\/v2\/media\/12248"}],"wp:attachment":[{"href":"https:\/\/linoexpress.com\/sk\/wp-json\/wp\/v2\/media?parent=12239"}],"wp:term":[{"taxonomy":"product_brand","embeddable":true,"href":"https:\/\/linoexpress.com\/sk\/wp-json\/wp\/v2\/product_brand?post=12239"},{"taxonomy":"product_cat","embeddable":true,"href":"https:\/\/linoexpress.com\/sk\/wp-json\/wp\/v2\/product_cat?post=12239"},{"taxonomy":"product_tag","embeddable":true,"href":"https:\/\/linoexpress.com\/sk\/wp-json\/wp\/v2\/product_tag?post=12239"}],"curies":[{"name":"wp","href":"https:\/\/api.w.org\/{rel}","templated":true}]}}