{"id":13336,"date":"2023-11-15T11:18:06","date_gmt":"2023-11-15T10:18:06","guid":{"rendered":"https:\/\/linoexpress.com\/sk\/?post_type=product&#038;p=13336"},"modified":"2024-05-10T09:54:21","modified_gmt":"2024-05-10T07:54:21","slug":"vysavac-a-sterilizator-2","status":"publish","type":"product","link":"https:\/\/linoexpress.com\/sk\/produkt\/vysavac-a-sterilizator-2\/","title":{"rendered":"Vys\u00e1va\u010d a steriliz\u00e1tor"},"content":{"rendered":"","protected":false},"excerpt":{"rendered":"<p>UV steriliz\u00e1tor i \u010disti\u010d na prach a rozto\u010de v\u00e1m zaru\u010d\u00ed svie\u017ee a bezpe\u010dn\u00e9 prostredie. Doprajte si optim\u00e1lne \u010dist\u00fd domov!<\/p>\n","protected":false},"featured_media":13346,"comment_status":"closed","ping_status":"closed","template":"","meta":{"inline_featured_image":false},"product_brand":[],"product_cat":[27,15],"product_tag":[],"class_list":{"0":"post-13336","1":"product","2":"type-product","3":"status-publish","4":"has-post-thumbnail","6":"product_cat-home","7":"product_cat-uncategorized","9":"first","10":"instock","11":"sale","12":"taxable","13":"shipping-taxable","14":"purchasable","15":"product-type-simple"},"acf":[],"_links":{"self":[{"href":"https:\/\/linoexpress.com\/sk\/wp-json\/wp\/v2\/product\/13336","targetHints":{"allow":["GET"]}}],"collection":[{"href":"https:\/\/linoexpress.com\/sk\/wp-json\/wp\/v2\/product"}],"about":[{"href":"https:\/\/linoexpress.com\/sk\/wp-json\/wp\/v2\/types\/product"}],"replies":[{"embeddable":true,"href":"https:\/\/linoexpress.com\/sk\/wp-json\/wp\/v2\/comments?post=13336"}],"wp:featuredmedia":[{"embeddable":true,"href":"https:\/\/linoexpress.com\/sk\/wp-json\/wp\/v2\/media\/13346"}],"wp:attachment":[{"href":"https:\/\/linoexpress.com\/sk\/wp-json\/wp\/v2\/media?parent=13336"}],"wp:term":[{"taxonomy":"product_brand","embeddable":true,"href":"https:\/\/linoexpress.com\/sk\/wp-json\/wp\/v2\/product_brand?post=13336"},{"taxonomy":"product_cat","embeddable":true,"href":"https:\/\/linoexpress.com\/sk\/wp-json\/wp\/v2\/product_cat?post=13336"},{"taxonomy":"product_tag","embeddable":true,"href":"https:\/\/linoexpress.com\/sk\/wp-json\/wp\/v2\/product_tag?post=13336"}],"curies":[{"name":"wp","href":"https:\/\/api.w.org\/{rel}","templated":true}]}}