{"id":13354,"date":"2023-11-15T11:31:06","date_gmt":"2023-11-15T10:31:06","guid":{"rendered":"https:\/\/linoexpress.com\/sk\/?post_type=product&#038;p=13354"},"modified":"2024-08-20T12:13:37","modified_gmt":"2024-08-20T10:13:37","slug":"drift-rc-auto-2","status":"publish","type":"product","link":"https:\/\/linoexpress.com\/sk\/produkt\/drift-rc-auto-2\/","title":{"rendered":"Driftov\u00e9 auto s dia\u013ekov\u00fdm ovl\u00e1dan\u00edm"},"content":{"rendered":"","protected":false},"excerpt":{"rendered":"<p>Preme\u0148te svoj domov na driftov\u00fa dr\u00e1hu pre aut\u00ed\u010dka. Neobvykl\u00e1 hrate\u013enos\u0165 udr\u017e\u00ed va\u0161u pozornos\u0165 na dlh\u00fa dobu a poskytne nezabudnute\u013en\u00fa z\u00e1bavu!<\/p>\n","protected":false},"featured_media":13507,"comment_status":"closed","ping_status":"closed","template":"","meta":{"inline_featured_image":false},"product_brand":[],"product_cat":[15,35],"product_tag":[],"class_list":{"0":"post-13354","1":"product","2":"type-product","3":"status-publish","4":"has-post-thumbnail","6":"product_cat-uncategorized","7":"product_cat-fun","9":"first","10":"instock","11":"sale","12":"taxable","13":"shipping-taxable","14":"purchasable","15":"product-type-simple"},"acf":[],"_links":{"self":[{"href":"https:\/\/linoexpress.com\/sk\/wp-json\/wp\/v2\/product\/13354","targetHints":{"allow":["GET"]}}],"collection":[{"href":"https:\/\/linoexpress.com\/sk\/wp-json\/wp\/v2\/product"}],"about":[{"href":"https:\/\/linoexpress.com\/sk\/wp-json\/wp\/v2\/types\/product"}],"replies":[{"embeddable":true,"href":"https:\/\/linoexpress.com\/sk\/wp-json\/wp\/v2\/comments?post=13354"}],"wp:featuredmedia":[{"embeddable":true,"href":"https:\/\/linoexpress.com\/sk\/wp-json\/wp\/v2\/media\/13507"}],"wp:attachment":[{"href":"https:\/\/linoexpress.com\/sk\/wp-json\/wp\/v2\/media?parent=13354"}],"wp:term":[{"taxonomy":"product_brand","embeddable":true,"href":"https:\/\/linoexpress.com\/sk\/wp-json\/wp\/v2\/product_brand?post=13354"},{"taxonomy":"product_cat","embeddable":true,"href":"https:\/\/linoexpress.com\/sk\/wp-json\/wp\/v2\/product_cat?post=13354"},{"taxonomy":"product_tag","embeddable":true,"href":"https:\/\/linoexpress.com\/sk\/wp-json\/wp\/v2\/product_tag?post=13354"}],"curies":[{"name":"wp","href":"https:\/\/api.w.org\/{rel}","templated":true}]}}