{"id":13438,"date":"2023-11-17T10:00:40","date_gmt":"2023-11-17T09:00:40","guid":{"rendered":"https:\/\/linoexpress.com\/sk\/?post_type=product&#038;p=13438"},"modified":"2024-06-19T12:10:03","modified_gmt":"2024-06-19T10:10:03","slug":"11-gratis-mini-gps-lokator","status":"publish","type":"product","link":"https:\/\/linoexpress.com\/sk\/produkt\/11-gratis-mini-gps-lokator\/","title":{"rendered":"1+1 ZADARMO &#8211; Mini GPS lok\u00e1tor"},"content":{"rendered":"","protected":false},"excerpt":{"rendered":"<p>GPS lok\u00e1tor na sledovanie \u00e1ut alebo in\u00fdch vozidiel, zvierat a in\u00fdch cennost\u00ed!<\/p>\n","protected":false},"featured_media":10033,"comment_status":"closed","ping_status":"closed","template":"","meta":{"inline_featured_image":false},"product_brand":[],"product_cat":[25,15],"product_tag":[],"class_list":{"0":"post-13438","1":"product","2":"type-product","3":"status-publish","4":"has-post-thumbnail","6":"product_cat-car","7":"product_cat-uncategorized","9":"first","10":"instock","11":"sale","12":"taxable","13":"shipping-taxable","14":"purchasable","15":"product-type-simple"},"acf":[],"_links":{"self":[{"href":"https:\/\/linoexpress.com\/sk\/wp-json\/wp\/v2\/product\/13438","targetHints":{"allow":["GET"]}}],"collection":[{"href":"https:\/\/linoexpress.com\/sk\/wp-json\/wp\/v2\/product"}],"about":[{"href":"https:\/\/linoexpress.com\/sk\/wp-json\/wp\/v2\/types\/product"}],"replies":[{"embeddable":true,"href":"https:\/\/linoexpress.com\/sk\/wp-json\/wp\/v2\/comments?post=13438"}],"wp:featuredmedia":[{"embeddable":true,"href":"https:\/\/linoexpress.com\/sk\/wp-json\/wp\/v2\/media\/10033"}],"wp:attachment":[{"href":"https:\/\/linoexpress.com\/sk\/wp-json\/wp\/v2\/media?parent=13438"}],"wp:term":[{"taxonomy":"product_brand","embeddable":true,"href":"https:\/\/linoexpress.com\/sk\/wp-json\/wp\/v2\/product_brand?post=13438"},{"taxonomy":"product_cat","embeddable":true,"href":"https:\/\/linoexpress.com\/sk\/wp-json\/wp\/v2\/product_cat?post=13438"},{"taxonomy":"product_tag","embeddable":true,"href":"https:\/\/linoexpress.com\/sk\/wp-json\/wp\/v2\/product_tag?post=13438"}],"curies":[{"name":"wp","href":"https:\/\/api.w.org\/{rel}","templated":true}]}}