{"id":13767,"date":"2023-12-07T09:39:43","date_gmt":"2023-12-07T08:39:43","guid":{"rendered":"https:\/\/linoexpress.com\/sk\/?post_type=product&#038;p=13767"},"modified":"2023-12-07T13:42:24","modified_gmt":"2023-12-07T12:42:24","slug":"nano-sprej-proti-skrabancom-nanocoatingagent","status":"publish","type":"product","link":"https:\/\/linoexpress.com\/sk\/produkt\/nano-sprej-proti-skrabancom-nanocoatingagent\/","title":{"rendered":"Nano sprej proti \u0161krabancom &#8211; NanoCoatingAgent"},"content":{"rendered":"","protected":false},"excerpt":{"rendered":"<p>Univerz\u00e1lny a efekt\u00edvny hydrof\u00f3bny n\u00e1ter na odstr\u00e1nenie \u0161krabancov na va\u0161om aute v\u00e1m umo\u017en\u00ed ich absol\u00fatne praktick\u00e9 a \u013eahk\u00e9 odstr\u00e1nenie bez toho, aby ste chodili do autolakovne alebo karos\u00e1rne s maxim\u00e1lnym \u00fa\u010dinkom lesku a trvanlivosti.<\/p>\n","protected":false},"featured_media":13775,"comment_status":"closed","ping_status":"closed","template":"","meta":{"inline_featured_image":false},"product_brand":[],"product_cat":[25,15],"product_tag":[],"class_list":{"0":"post-13767","1":"product","2":"type-product","3":"status-publish","4":"has-post-thumbnail","6":"product_cat-car","7":"product_cat-uncategorized","9":"first","10":"instock","11":"sale","12":"taxable","13":"shipping-taxable","14":"purchasable","15":"product-type-simple"},"acf":[],"_links":{"self":[{"href":"https:\/\/linoexpress.com\/sk\/wp-json\/wp\/v2\/product\/13767","targetHints":{"allow":["GET"]}}],"collection":[{"href":"https:\/\/linoexpress.com\/sk\/wp-json\/wp\/v2\/product"}],"about":[{"href":"https:\/\/linoexpress.com\/sk\/wp-json\/wp\/v2\/types\/product"}],"replies":[{"embeddable":true,"href":"https:\/\/linoexpress.com\/sk\/wp-json\/wp\/v2\/comments?post=13767"}],"wp:featuredmedia":[{"embeddable":true,"href":"https:\/\/linoexpress.com\/sk\/wp-json\/wp\/v2\/media\/13775"}],"wp:attachment":[{"href":"https:\/\/linoexpress.com\/sk\/wp-json\/wp\/v2\/media?parent=13767"}],"wp:term":[{"taxonomy":"product_brand","embeddable":true,"href":"https:\/\/linoexpress.com\/sk\/wp-json\/wp\/v2\/product_brand?post=13767"},{"taxonomy":"product_cat","embeddable":true,"href":"https:\/\/linoexpress.com\/sk\/wp-json\/wp\/v2\/product_cat?post=13767"},{"taxonomy":"product_tag","embeddable":true,"href":"https:\/\/linoexpress.com\/sk\/wp-json\/wp\/v2\/product_tag?post=13767"}],"curies":[{"name":"wp","href":"https:\/\/api.w.org\/{rel}","templated":true}]}}