{"id":14298,"date":"2024-03-11T09:28:44","date_gmt":"2024-03-11T08:28:44","guid":{"rendered":"https:\/\/linoexpress.com\/sk\/?post_type=product&#038;p=14298"},"modified":"2024-06-06T15:08:26","modified_gmt":"2024-06-06T13:08:26","slug":"nastavitelna-pila-na-konare","status":"publish","type":"product","link":"https:\/\/linoexpress.com\/sk\/produkt\/nastavitelna-pila-na-konare\/","title":{"rendered":"Nastavite\u013en\u00e1 p\u00edla na kon\u00e1re"},"content":{"rendered":"","protected":false},"excerpt":{"rendered":"<p>T\u00fato p\u00edlu je mo\u017en\u00e9 zlo\u017ei\u0165 alebo pred\u013a\u017ei\u0165 v z\u00e1vislosti od potrieb rezania. Prisp\u00f4sobte ju konkr\u00e9tnej pr\u00e1ci, ktor\u00fa vykon\u00e1vate a dosiahnete optim\u00e1lne pracovn\u00e9 v\u00fdsledky.<\/p>\n","protected":false},"featured_media":14307,"comment_status":"closed","ping_status":"closed","template":"","meta":{"inline_featured_image":false},"product_brand":[],"product_cat":[27,15],"product_tag":[],"class_list":{"0":"post-14298","1":"product","2":"type-product","3":"status-publish","4":"has-post-thumbnail","6":"product_cat-home","7":"product_cat-uncategorized","9":"first","10":"instock","11":"sale","12":"taxable","13":"shipping-taxable","14":"purchasable","15":"product-type-simple"},"acf":[],"_links":{"self":[{"href":"https:\/\/linoexpress.com\/sk\/wp-json\/wp\/v2\/product\/14298","targetHints":{"allow":["GET"]}}],"collection":[{"href":"https:\/\/linoexpress.com\/sk\/wp-json\/wp\/v2\/product"}],"about":[{"href":"https:\/\/linoexpress.com\/sk\/wp-json\/wp\/v2\/types\/product"}],"replies":[{"embeddable":true,"href":"https:\/\/linoexpress.com\/sk\/wp-json\/wp\/v2\/comments?post=14298"}],"wp:featuredmedia":[{"embeddable":true,"href":"https:\/\/linoexpress.com\/sk\/wp-json\/wp\/v2\/media\/14307"}],"wp:attachment":[{"href":"https:\/\/linoexpress.com\/sk\/wp-json\/wp\/v2\/media?parent=14298"}],"wp:term":[{"taxonomy":"product_brand","embeddable":true,"href":"https:\/\/linoexpress.com\/sk\/wp-json\/wp\/v2\/product_brand?post=14298"},{"taxonomy":"product_cat","embeddable":true,"href":"https:\/\/linoexpress.com\/sk\/wp-json\/wp\/v2\/product_cat?post=14298"},{"taxonomy":"product_tag","embeddable":true,"href":"https:\/\/linoexpress.com\/sk\/wp-json\/wp\/v2\/product_tag?post=14298"}],"curies":[{"name":"wp","href":"https:\/\/api.w.org\/{rel}","templated":true}]}}