{"id":14312,"date":"2024-03-11T13:15:51","date_gmt":"2024-03-11T12:15:51","guid":{"rendered":"https:\/\/linoexpress.com\/sk\/?post_type=product&#038;p=14312"},"modified":"2024-06-11T10:52:23","modified_gmt":"2024-06-11T08:52:23","slug":"magneticka-kniha-na-aranzovanie-babik","status":"publish","type":"product","link":"https:\/\/linoexpress.com\/sk\/produkt\/magneticka-kniha-na-aranzovanie-babik\/","title":{"rendered":"Magnetick\u00e1 kniha na aran\u017eovanie b\u00e1bik"},"content":{"rendered":"","protected":false},"excerpt":{"rendered":"<p>Ide\u00e1lny dar\u010dek pre diev\u010dat\u00e1! Zostavovanie odevov a m\u00f3dnych kombin\u00e1ci\u00ed nebolo nikdy jednoduch\u0161ie a z\u00e1bavnej\u0161ie!<\/p>\n","protected":false},"featured_media":14322,"comment_status":"closed","ping_status":"closed","template":"","meta":{"inline_featured_image":false},"product_brand":[],"product_cat":[15,35],"product_tag":[],"class_list":{"0":"post-14312","1":"product","2":"type-product","3":"status-publish","4":"has-post-thumbnail","6":"product_cat-uncategorized","7":"product_cat-fun","9":"first","10":"instock","11":"sale","12":"taxable","13":"shipping-taxable","14":"purchasable","15":"product-type-variable"},"acf":[],"_links":{"self":[{"href":"https:\/\/linoexpress.com\/sk\/wp-json\/wp\/v2\/product\/14312","targetHints":{"allow":["GET"]}}],"collection":[{"href":"https:\/\/linoexpress.com\/sk\/wp-json\/wp\/v2\/product"}],"about":[{"href":"https:\/\/linoexpress.com\/sk\/wp-json\/wp\/v2\/types\/product"}],"replies":[{"embeddable":true,"href":"https:\/\/linoexpress.com\/sk\/wp-json\/wp\/v2\/comments?post=14312"}],"wp:featuredmedia":[{"embeddable":true,"href":"https:\/\/linoexpress.com\/sk\/wp-json\/wp\/v2\/media\/14322"}],"wp:attachment":[{"href":"https:\/\/linoexpress.com\/sk\/wp-json\/wp\/v2\/media?parent=14312"}],"wp:term":[{"taxonomy":"product_brand","embeddable":true,"href":"https:\/\/linoexpress.com\/sk\/wp-json\/wp\/v2\/product_brand?post=14312"},{"taxonomy":"product_cat","embeddable":true,"href":"https:\/\/linoexpress.com\/sk\/wp-json\/wp\/v2\/product_cat?post=14312"},{"taxonomy":"product_tag","embeddable":true,"href":"https:\/\/linoexpress.com\/sk\/wp-json\/wp\/v2\/product_tag?post=14312"}],"curies":[{"name":"wp","href":"https:\/\/api.w.org\/{rel}","templated":true}]}}