{"id":14552,"date":"2024-05-27T10:58:22","date_gmt":"2024-05-27T08:58:22","guid":{"rendered":"https:\/\/linoexpress.com\/sk\/?post_type=product&#038;p=14552"},"modified":"2024-08-20T11:24:15","modified_gmt":"2024-08-20T09:24:15","slug":"sporitelna","status":"publish","type":"product","link":"https:\/\/linoexpress.com\/sk\/produkt\/sporitelna\/","title":{"rendered":"Sporite\u013e\u0148a"},"content":{"rendered":"","protected":false},"excerpt":{"rendered":"<p>Tento praktick\u00fd box na pl\u00e1n sporenia v\u00e1s jednoducho a \u013eahko dostane k cie\u013eu. U\u0161etrite peniaze bez stresu a z\u00e1bavnou formou!<\/p>\n","protected":false},"featured_media":14557,"comment_status":"closed","ping_status":"closed","template":"","meta":{"inline_featured_image":false},"product_brand":[],"product_cat":[15,35],"product_tag":[],"class_list":{"0":"post-14552","1":"product","2":"type-product","3":"status-publish","4":"has-post-thumbnail","6":"product_cat-uncategorized","7":"product_cat-fun","9":"first","10":"instock","11":"sale","12":"taxable","13":"shipping-taxable","14":"purchasable","15":"product-type-variable"},"acf":[],"_links":{"self":[{"href":"https:\/\/linoexpress.com\/sk\/wp-json\/wp\/v2\/product\/14552","targetHints":{"allow":["GET"]}}],"collection":[{"href":"https:\/\/linoexpress.com\/sk\/wp-json\/wp\/v2\/product"}],"about":[{"href":"https:\/\/linoexpress.com\/sk\/wp-json\/wp\/v2\/types\/product"}],"replies":[{"embeddable":true,"href":"https:\/\/linoexpress.com\/sk\/wp-json\/wp\/v2\/comments?post=14552"}],"wp:featuredmedia":[{"embeddable":true,"href":"https:\/\/linoexpress.com\/sk\/wp-json\/wp\/v2\/media\/14557"}],"wp:attachment":[{"href":"https:\/\/linoexpress.com\/sk\/wp-json\/wp\/v2\/media?parent=14552"}],"wp:term":[{"taxonomy":"product_brand","embeddable":true,"href":"https:\/\/linoexpress.com\/sk\/wp-json\/wp\/v2\/product_brand?post=14552"},{"taxonomy":"product_cat","embeddable":true,"href":"https:\/\/linoexpress.com\/sk\/wp-json\/wp\/v2\/product_cat?post=14552"},{"taxonomy":"product_tag","embeddable":true,"href":"https:\/\/linoexpress.com\/sk\/wp-json\/wp\/v2\/product_tag?post=14552"}],"curies":[{"name":"wp","href":"https:\/\/api.w.org\/{rel}","templated":true}]}}