{"id":14569,"date":"2024-05-28T11:49:04","date_gmt":"2024-05-28T09:49:04","guid":{"rendered":"https:\/\/linoexpress.com\/sk\/?post_type=product&#038;p=14569"},"modified":"2024-11-19T16:31:16","modified_gmt":"2024-11-19T15:31:16","slug":"montessori-magneticka-hra-na-ucenie-matematiky","status":"publish","type":"product","link":"https:\/\/linoexpress.com\/sk\/produkt\/montessori-magneticka-hra-na-ucenie-matematiky\/","title":{"rendered":"Montessori magnetick\u00e1 hra na u\u010denie matematiky"},"content":{"rendered":"","protected":false},"excerpt":{"rendered":"<p>Inovat\u00edvny pr\u00edstup k v\u00fdu\u010dbe matematick\u00fdch oper\u00e1ci\u00ed. U\u010dte deti matematiku hrou a vizu\u00e1lnymi reprezent\u00e1ciami!<\/p>\n","protected":false},"featured_media":14572,"comment_status":"closed","ping_status":"closed","template":"","meta":{"inline_featured_image":false},"product_brand":[],"product_cat":[15,35],"product_tag":[],"class_list":{"0":"post-14569","1":"product","2":"type-product","3":"status-publish","4":"has-post-thumbnail","6":"product_cat-uncategorized","7":"product_cat-fun","9":"first","10":"instock","11":"sale","12":"taxable","13":"shipping-taxable","14":"purchasable","15":"product-type-simple"},"acf":[],"_links":{"self":[{"href":"https:\/\/linoexpress.com\/sk\/wp-json\/wp\/v2\/product\/14569","targetHints":{"allow":["GET"]}}],"collection":[{"href":"https:\/\/linoexpress.com\/sk\/wp-json\/wp\/v2\/product"}],"about":[{"href":"https:\/\/linoexpress.com\/sk\/wp-json\/wp\/v2\/types\/product"}],"replies":[{"embeddable":true,"href":"https:\/\/linoexpress.com\/sk\/wp-json\/wp\/v2\/comments?post=14569"}],"wp:featuredmedia":[{"embeddable":true,"href":"https:\/\/linoexpress.com\/sk\/wp-json\/wp\/v2\/media\/14572"}],"wp:attachment":[{"href":"https:\/\/linoexpress.com\/sk\/wp-json\/wp\/v2\/media?parent=14569"}],"wp:term":[{"taxonomy":"product_brand","embeddable":true,"href":"https:\/\/linoexpress.com\/sk\/wp-json\/wp\/v2\/product_brand?post=14569"},{"taxonomy":"product_cat","embeddable":true,"href":"https:\/\/linoexpress.com\/sk\/wp-json\/wp\/v2\/product_cat?post=14569"},{"taxonomy":"product_tag","embeddable":true,"href":"https:\/\/linoexpress.com\/sk\/wp-json\/wp\/v2\/product_tag?post=14569"}],"curies":[{"name":"wp","href":"https:\/\/api.w.org\/{rel}","templated":true}]}}