{"id":14723,"date":"2024-06-04T13:47:02","date_gmt":"2024-06-04T11:47:02","guid":{"rendered":"https:\/\/linoexpress.com\/sk\/?post_type=product&#038;p=14723"},"modified":"2024-06-04T13:48:48","modified_gmt":"2024-06-04T11:48:48","slug":"plastove-zavity-na-rurky-6-ks","status":"publish","type":"product","link":"https:\/\/linoexpress.com\/sk\/produkt\/plastove-zavity-na-rurky-6-ks\/","title":{"rendered":"Plastov\u00e9 z\u00e1vity na r\u00farky &#8211; 6 ks"},"content":{"rendered":"","protected":false},"excerpt":{"rendered":"<p>Vynikaj\u00faca sada z\u00e1vitov pre r\u00fdchlu a efekt\u00edvnu pr\u00e1cu. V\u0161etko, \u010do potrebujete pre kvalitn\u00fa opravu r\u00f4znych typov potrub\u00ed!<\/p>\n","protected":false},"featured_media":14726,"comment_status":"closed","ping_status":"closed","template":"","meta":{"inline_featured_image":false},"product_brand":[],"product_cat":[27,15],"product_tag":[],"class_list":{"0":"post-14723","1":"product","2":"type-product","3":"status-publish","4":"has-post-thumbnail","6":"product_cat-home","7":"product_cat-uncategorized","9":"first","10":"instock","11":"sale","12":"taxable","13":"shipping-taxable","14":"purchasable","15":"product-type-simple"},"acf":[],"_links":{"self":[{"href":"https:\/\/linoexpress.com\/sk\/wp-json\/wp\/v2\/product\/14723","targetHints":{"allow":["GET"]}}],"collection":[{"href":"https:\/\/linoexpress.com\/sk\/wp-json\/wp\/v2\/product"}],"about":[{"href":"https:\/\/linoexpress.com\/sk\/wp-json\/wp\/v2\/types\/product"}],"replies":[{"embeddable":true,"href":"https:\/\/linoexpress.com\/sk\/wp-json\/wp\/v2\/comments?post=14723"}],"wp:featuredmedia":[{"embeddable":true,"href":"https:\/\/linoexpress.com\/sk\/wp-json\/wp\/v2\/media\/14726"}],"wp:attachment":[{"href":"https:\/\/linoexpress.com\/sk\/wp-json\/wp\/v2\/media?parent=14723"}],"wp:term":[{"taxonomy":"product_brand","embeddable":true,"href":"https:\/\/linoexpress.com\/sk\/wp-json\/wp\/v2\/product_brand?post=14723"},{"taxonomy":"product_cat","embeddable":true,"href":"https:\/\/linoexpress.com\/sk\/wp-json\/wp\/v2\/product_cat?post=14723"},{"taxonomy":"product_tag","embeddable":true,"href":"https:\/\/linoexpress.com\/sk\/wp-json\/wp\/v2\/product_tag?post=14723"}],"curies":[{"name":"wp","href":"https:\/\/api.w.org\/{rel}","templated":true}]}}