{"id":15118,"date":"2024-09-10T08:43:08","date_gmt":"2024-09-10T06:43:08","guid":{"rendered":"https:\/\/linoexpress.com\/sk\/?post_type=product&#038;p=15118"},"modified":"2025-07-24T14:24:05","modified_gmt":"2025-07-24T12:24:05","slug":"vykonny-deaktivator-magnetizera","status":"publish","type":"product","link":"https:\/\/linoexpress.com\/sk\/produkt\/vykonny-deaktivator-magnetizera\/","title":{"rendered":"V\u00fdkonn\u00fd deaktiv\u00e1tor magnetiz\u00e9ra"},"content":{"rendered":"","protected":false},"excerpt":{"rendered":"<p>Nielen\u017ee odstra\u0148uje \u0161kvrny z oble\u010denia, tento deaktiv\u00e1tor v\u00e1m \u0161etr\u00ed \u010das a peniaze!<\/p>\n","protected":false},"featured_media":15120,"comment_status":"closed","ping_status":"closed","template":"","meta":{"inline_featured_image":false},"product_brand":[],"product_cat":[27,15],"product_tag":[],"class_list":{"0":"post-15118","1":"product","2":"type-product","3":"status-publish","4":"has-post-thumbnail","6":"product_cat-home","7":"product_cat-uncategorized","9":"first","10":"instock","11":"sale","12":"taxable","13":"shipping-taxable","14":"purchasable","15":"product-type-simple"},"acf":[],"_links":{"self":[{"href":"https:\/\/linoexpress.com\/sk\/wp-json\/wp\/v2\/product\/15118","targetHints":{"allow":["GET"]}}],"collection":[{"href":"https:\/\/linoexpress.com\/sk\/wp-json\/wp\/v2\/product"}],"about":[{"href":"https:\/\/linoexpress.com\/sk\/wp-json\/wp\/v2\/types\/product"}],"replies":[{"embeddable":true,"href":"https:\/\/linoexpress.com\/sk\/wp-json\/wp\/v2\/comments?post=15118"}],"wp:featuredmedia":[{"embeddable":true,"href":"https:\/\/linoexpress.com\/sk\/wp-json\/wp\/v2\/media\/15120"}],"wp:attachment":[{"href":"https:\/\/linoexpress.com\/sk\/wp-json\/wp\/v2\/media?parent=15118"}],"wp:term":[{"taxonomy":"product_brand","embeddable":true,"href":"https:\/\/linoexpress.com\/sk\/wp-json\/wp\/v2\/product_brand?post=15118"},{"taxonomy":"product_cat","embeddable":true,"href":"https:\/\/linoexpress.com\/sk\/wp-json\/wp\/v2\/product_cat?post=15118"},{"taxonomy":"product_tag","embeddable":true,"href":"https:\/\/linoexpress.com\/sk\/wp-json\/wp\/v2\/product_tag?post=15118"}],"curies":[{"name":"wp","href":"https:\/\/api.w.org\/{rel}","templated":true}]}}