{"id":15363,"date":"2024-10-28T08:40:34","date_gmt":"2024-10-28T07:40:34","guid":{"rendered":"https:\/\/linoexpress.com\/sk\/?post_type=product&#038;p=15363"},"modified":"2024-11-04T09:18:30","modified_gmt":"2024-11-04T08:18:30","slug":"suprava-na-ucenie-sa-hackovania-a-pletenia","status":"publish","type":"product","link":"https:\/\/linoexpress.com\/sk\/produkt\/suprava-na-ucenie-sa-hackovania-a-pletenia\/","title":{"rendered":"S\u00faprava na u\u010denie sa h\u00e1\u010dkovania a pletenia"},"content":{"rendered":"","protected":false},"excerpt":{"rendered":"<p>Modernizovan\u00fd sp\u00f4sob pletenia pote\u0161\u00ed v\u0161etk\u00fdch milovn\u00edkov tohto kon\u00ed\u010dka aj t\u00fdch, ktor\u00ed sa n\u00edm chc\u00fa len sta\u0165!<\/p>\n","protected":false},"featured_media":15364,"comment_status":"closed","ping_status":"closed","template":"","meta":{"inline_featured_image":false},"product_brand":[],"product_cat":[27,15],"product_tag":[],"class_list":{"0":"post-15363","1":"product","2":"type-product","3":"status-publish","4":"has-post-thumbnail","6":"product_cat-home","7":"product_cat-uncategorized","9":"first","10":"instock","11":"sale","12":"taxable","13":"shipping-taxable","14":"purchasable","15":"product-type-simple"},"acf":[],"_links":{"self":[{"href":"https:\/\/linoexpress.com\/sk\/wp-json\/wp\/v2\/product\/15363","targetHints":{"allow":["GET"]}}],"collection":[{"href":"https:\/\/linoexpress.com\/sk\/wp-json\/wp\/v2\/product"}],"about":[{"href":"https:\/\/linoexpress.com\/sk\/wp-json\/wp\/v2\/types\/product"}],"replies":[{"embeddable":true,"href":"https:\/\/linoexpress.com\/sk\/wp-json\/wp\/v2\/comments?post=15363"}],"wp:featuredmedia":[{"embeddable":true,"href":"https:\/\/linoexpress.com\/sk\/wp-json\/wp\/v2\/media\/15364"}],"wp:attachment":[{"href":"https:\/\/linoexpress.com\/sk\/wp-json\/wp\/v2\/media?parent=15363"}],"wp:term":[{"taxonomy":"product_brand","embeddable":true,"href":"https:\/\/linoexpress.com\/sk\/wp-json\/wp\/v2\/product_brand?post=15363"},{"taxonomy":"product_cat","embeddable":true,"href":"https:\/\/linoexpress.com\/sk\/wp-json\/wp\/v2\/product_cat?post=15363"},{"taxonomy":"product_tag","embeddable":true,"href":"https:\/\/linoexpress.com\/sk\/wp-json\/wp\/v2\/product_tag?post=15363"}],"curies":[{"name":"wp","href":"https:\/\/api.w.org\/{rel}","templated":true}]}}