{"id":15369,"date":"2024-10-28T09:52:53","date_gmt":"2024-10-28T08:52:53","guid":{"rendered":"https:\/\/linoexpress.com\/sk\/?post_type=product&#038;p=15369"},"modified":"2024-12-02T11:18:38","modified_gmt":"2024-12-02T10:18:38","slug":"vianocny-kalendar-s-darcekmi","status":"publish","type":"product","link":"https:\/\/linoexpress.com\/sk\/produkt\/vianocny-kalendar-s-darcekmi\/","title":{"rendered":"Viano\u010dn\u00fd kalend\u00e1r s dar\u010dekmi"},"content":{"rendered":"","protected":false},"excerpt":{"rendered":"<p>Spr\u00edjemnite si predsviato\u010dn\u00e9 dni t\u00fdmto n\u00e1dhern\u00fdm adventn\u00fdm kalend\u00e1rom a prekvapeniami, ktor\u00e9 pre v\u00e1s chyst\u00e1!<\/p>\n","protected":false},"featured_media":15373,"comment_status":"closed","ping_status":"closed","template":"","meta":{"inline_featured_image":false},"product_brand":[],"product_cat":[15,35],"product_tag":[],"class_list":{"0":"post-15369","1":"product","2":"type-product","3":"status-publish","4":"has-post-thumbnail","6":"product_cat-uncategorized","7":"product_cat-fun","9":"first","10":"instock","11":"sale","12":"taxable","13":"shipping-taxable","14":"purchasable","15":"product-type-simple"},"acf":[],"_links":{"self":[{"href":"https:\/\/linoexpress.com\/sk\/wp-json\/wp\/v2\/product\/15369","targetHints":{"allow":["GET"]}}],"collection":[{"href":"https:\/\/linoexpress.com\/sk\/wp-json\/wp\/v2\/product"}],"about":[{"href":"https:\/\/linoexpress.com\/sk\/wp-json\/wp\/v2\/types\/product"}],"replies":[{"embeddable":true,"href":"https:\/\/linoexpress.com\/sk\/wp-json\/wp\/v2\/comments?post=15369"}],"wp:featuredmedia":[{"embeddable":true,"href":"https:\/\/linoexpress.com\/sk\/wp-json\/wp\/v2\/media\/15373"}],"wp:attachment":[{"href":"https:\/\/linoexpress.com\/sk\/wp-json\/wp\/v2\/media?parent=15369"}],"wp:term":[{"taxonomy":"product_brand","embeddable":true,"href":"https:\/\/linoexpress.com\/sk\/wp-json\/wp\/v2\/product_brand?post=15369"},{"taxonomy":"product_cat","embeddable":true,"href":"https:\/\/linoexpress.com\/sk\/wp-json\/wp\/v2\/product_cat?post=15369"},{"taxonomy":"product_tag","embeddable":true,"href":"https:\/\/linoexpress.com\/sk\/wp-json\/wp\/v2\/product_tag?post=15369"}],"curies":[{"name":"wp","href":"https:\/\/api.w.org\/{rel}","templated":true}]}}