{"id":15375,"date":"2024-10-28T11:10:19","date_gmt":"2024-10-28T10:10:19","guid":{"rendered":"https:\/\/linoexpress.com\/sk\/?post_type=product&#038;p=15375"},"modified":"2025-09-18T10:23:57","modified_gmt":"2025-09-18T08:23:57","slug":"relaxacne-minipolicky-na-knihy","status":"publish","type":"product","link":"https:\/\/linoexpress.com\/sk\/produkt\/relaxacne-minipolicky-na-knihy\/","title":{"rendered":"Relaxa\u010dn\u00e9 minipoli\u010dky na knihy"},"content":{"rendered":"","protected":false},"excerpt":{"rendered":"<p>Zbavte sa \u00fazkosti a nap\u00e4tia s touto relaxa\u010dnou malou policou na knihy. Usporiadajte knihy a n\u00e1jdite svoj pokoj!<\/p>\n","protected":false},"featured_media":15379,"comment_status":"closed","ping_status":"closed","template":"","meta":{"inline_featured_image":false},"product_brand":[],"product_cat":[27,15,35],"product_tag":[],"class_list":{"0":"post-15375","1":"product","2":"type-product","3":"status-publish","4":"has-post-thumbnail","6":"product_cat-home","7":"product_cat-uncategorized","8":"product_cat-fun","10":"first","11":"instock","12":"sale","13":"taxable","14":"shipping-taxable","15":"purchasable","16":"product-type-simple"},"acf":[],"_links":{"self":[{"href":"https:\/\/linoexpress.com\/sk\/wp-json\/wp\/v2\/product\/15375","targetHints":{"allow":["GET"]}}],"collection":[{"href":"https:\/\/linoexpress.com\/sk\/wp-json\/wp\/v2\/product"}],"about":[{"href":"https:\/\/linoexpress.com\/sk\/wp-json\/wp\/v2\/types\/product"}],"replies":[{"embeddable":true,"href":"https:\/\/linoexpress.com\/sk\/wp-json\/wp\/v2\/comments?post=15375"}],"wp:featuredmedia":[{"embeddable":true,"href":"https:\/\/linoexpress.com\/sk\/wp-json\/wp\/v2\/media\/15379"}],"wp:attachment":[{"href":"https:\/\/linoexpress.com\/sk\/wp-json\/wp\/v2\/media?parent=15375"}],"wp:term":[{"taxonomy":"product_brand","embeddable":true,"href":"https:\/\/linoexpress.com\/sk\/wp-json\/wp\/v2\/product_brand?post=15375"},{"taxonomy":"product_cat","embeddable":true,"href":"https:\/\/linoexpress.com\/sk\/wp-json\/wp\/v2\/product_cat?post=15375"},{"taxonomy":"product_tag","embeddable":true,"href":"https:\/\/linoexpress.com\/sk\/wp-json\/wp\/v2\/product_tag?post=15375"}],"curies":[{"name":"wp","href":"https:\/\/api.w.org\/{rel}","templated":true}]}}