{"id":15399,"date":"2024-10-30T14:59:27","date_gmt":"2024-10-30T13:59:27","guid":{"rendered":"https:\/\/linoexpress.com\/sk\/?post_type=product&#038;p=15399"},"modified":"2024-12-02T10:55:54","modified_gmt":"2024-12-02T09:55:54","slug":"vianocna-hudobna-skrinka-na-vlak","status":"publish","type":"product","link":"https:\/\/linoexpress.com\/sk\/produkt\/vianocna-hudobna-skrinka-na-vlak\/","title":{"rendered":"Viano\u010dn\u00e1 hudobn\u00e1 skrinka na vlak"},"content":{"rendered":"","protected":false},"excerpt":{"rendered":"<p>Retro dizajn vl\u00e1\u010dika s kr\u00e1snymi viano\u010dn\u00fdmi mot\u00edvmi a sviato\u010dnou hudbou je ide\u00e1lnou dekor\u00e1ciou do ka\u017ed\u00e9ho priestoru!<\/p>\n","protected":false},"featured_media":15400,"comment_status":"closed","ping_status":"closed","template":"","meta":{"inline_featured_image":false},"product_brand":[],"product_cat":[15,35],"product_tag":[],"class_list":{"0":"post-15399","1":"product","2":"type-product","3":"status-publish","4":"has-post-thumbnail","6":"product_cat-uncategorized","7":"product_cat-fun","9":"first","10":"instock","11":"sale","12":"taxable","13":"shipping-taxable","14":"purchasable","15":"product-type-simple"},"acf":[],"_links":{"self":[{"href":"https:\/\/linoexpress.com\/sk\/wp-json\/wp\/v2\/product\/15399","targetHints":{"allow":["GET"]}}],"collection":[{"href":"https:\/\/linoexpress.com\/sk\/wp-json\/wp\/v2\/product"}],"about":[{"href":"https:\/\/linoexpress.com\/sk\/wp-json\/wp\/v2\/types\/product"}],"replies":[{"embeddable":true,"href":"https:\/\/linoexpress.com\/sk\/wp-json\/wp\/v2\/comments?post=15399"}],"wp:featuredmedia":[{"embeddable":true,"href":"https:\/\/linoexpress.com\/sk\/wp-json\/wp\/v2\/media\/15400"}],"wp:attachment":[{"href":"https:\/\/linoexpress.com\/sk\/wp-json\/wp\/v2\/media?parent=15399"}],"wp:term":[{"taxonomy":"product_brand","embeddable":true,"href":"https:\/\/linoexpress.com\/sk\/wp-json\/wp\/v2\/product_brand?post=15399"},{"taxonomy":"product_cat","embeddable":true,"href":"https:\/\/linoexpress.com\/sk\/wp-json\/wp\/v2\/product_cat?post=15399"},{"taxonomy":"product_tag","embeddable":true,"href":"https:\/\/linoexpress.com\/sk\/wp-json\/wp\/v2\/product_tag?post=15399"}],"curies":[{"name":"wp","href":"https:\/\/api.w.org\/{rel}","templated":true}]}}