{"id":15413,"date":"2024-10-31T09:54:34","date_gmt":"2024-10-31T08:54:34","guid":{"rendered":"https:\/\/linoexpress.com\/sk\/?post_type=product&#038;p=15413"},"modified":"2024-12-02T11:05:03","modified_gmt":"2024-12-02T10:05:03","slug":"ohniva-carovna-palicka","status":"publish","type":"product","link":"https:\/\/linoexpress.com\/sk\/produkt\/ohniva-carovna-palicka\/","title":{"rendered":"Ohniv\u00e1 \u010darovn\u00e1 pali\u010dka"},"content":{"rendered":"","protected":false},"excerpt":{"rendered":"<p>Pote\u0161te svojich bl\u00edzkych t\u00fdmto fantastick\u00fdm \u010darovn\u00fdm pr\u00fatikom! Z\u00e1hadn\u00e1 z\u00e1bava zaru\u010den\u00e1!<\/p>\n","protected":false},"featured_media":15414,"comment_status":"closed","ping_status":"closed","template":"","meta":{"inline_featured_image":false},"product_brand":[],"product_cat":[15,35],"product_tag":[],"class_list":{"0":"post-15413","1":"product","2":"type-product","3":"status-publish","4":"has-post-thumbnail","6":"product_cat-uncategorized","7":"product_cat-fun","9":"first","10":"instock","11":"sale","12":"taxable","13":"shipping-taxable","14":"purchasable","15":"product-type-simple"},"acf":[],"_links":{"self":[{"href":"https:\/\/linoexpress.com\/sk\/wp-json\/wp\/v2\/product\/15413","targetHints":{"allow":["GET"]}}],"collection":[{"href":"https:\/\/linoexpress.com\/sk\/wp-json\/wp\/v2\/product"}],"about":[{"href":"https:\/\/linoexpress.com\/sk\/wp-json\/wp\/v2\/types\/product"}],"replies":[{"embeddable":true,"href":"https:\/\/linoexpress.com\/sk\/wp-json\/wp\/v2\/comments?post=15413"}],"wp:featuredmedia":[{"embeddable":true,"href":"https:\/\/linoexpress.com\/sk\/wp-json\/wp\/v2\/media\/15414"}],"wp:attachment":[{"href":"https:\/\/linoexpress.com\/sk\/wp-json\/wp\/v2\/media?parent=15413"}],"wp:term":[{"taxonomy":"product_brand","embeddable":true,"href":"https:\/\/linoexpress.com\/sk\/wp-json\/wp\/v2\/product_brand?post=15413"},{"taxonomy":"product_cat","embeddable":true,"href":"https:\/\/linoexpress.com\/sk\/wp-json\/wp\/v2\/product_cat?post=15413"},{"taxonomy":"product_tag","embeddable":true,"href":"https:\/\/linoexpress.com\/sk\/wp-json\/wp\/v2\/product_tag?post=15413"}],"curies":[{"name":"wp","href":"https:\/\/api.w.org\/{rel}","templated":true}]}}